{"id":416,"date":"2024-11-24T23:47:11","date_gmt":"2024-11-24T22:47:11","guid":{"rendered":"https:\/\/www.nemalujto.cz\/?page_id=416"},"modified":"2024-11-24T23:47:11","modified_gmt":"2024-11-24T22:47:11","slug":"kariera","status":"publish","type":"page","link":"https:\/\/www.nemalujto.cz\/en\/kariera\/","title":{"rendered":"Kariera"},"content":{"rendered":"<section class=\"bde-section-416-100 bde-section\">\n  \n  \n\t\n\n\n\n<div class=\"section-container\"><h2 class=\"bde-heading-416-101 bde-heading\">\nChcete se st\u00e1t sou\u010d\u00e1st\u00ed na\u0161eho t\u00fdmu?\n<\/h2><div class=\"bde-rich-text-416-102 bde-rich-text breakdance-rich-text-styles\">\n<p>Pokud m\u00e1te z\u00e1jem pracovat s n\u00e1mi ve firm\u011b p\u0159ihlaste se, r\u00e1di se s V\u00e1mi potk\u00e1me.<\/p><p><\/p><p>Pokud si \u0159ekneme, \u017ee spolupr\u00e1ce pro ob\u011b strany vyhovuj\u00edc\u00ed, je nutn\u00e9 proj\u00edt na\u0161\u00edm vstupn\u00edm \u0161kolen\u00edm.<\/p><p>Vypln\u00edte si vstupn\u00ed \u00fadaje a podep\u00ed\u0161eme DPP na t\u00fdden a\u017e m\u011bs\u00edc, n\u00e1sledn\u011b se z\u00fa\u010dastn\u00edte vstupn\u00edho \u0161kolen\u00ed (pou\u017e\u00edv\u00e1n\u00ed na\u0161\u00ed chemie, vybaven\u00ed, BOZP, chov\u00e1n\u00ed u klienta, aplikaci na pr\u00e1ci).<\/p><p><\/p><p>Po \u0161kolen\u00ed za\u010dnete pracovat se zku\u0161en\u011bj\u0161\u00edm kolegou, kter\u00fd v\u00e1m bude oporou na dal\u0161\u00ed m\u011bs\u00edc. <\/p><p>Po m\u011bs\u00edci si vyhodnot\u00edme spolupr\u00e1ci a pot\u00e9 p\u0159istoup\u00edme k n\u00e1stupu na HPP. <\/p>\n<\/div><\/div>\n<\/section><section class=\"bde-section-416-103 bde-section\">\n  \n  \n\t\n\n\n\n<div class=\"section-container\"><div class=\"bde-columns-416-104 bde-columns\"><div class=\"bde-column-416-105 bde-column\">\n  \n  \n\t\n\n\n\n<h2 class=\"bde-heading-416-106 bde-heading\">\nKontaktn\u00ed formul\u00e1\u0159\n<\/h2><div class=\"bde-form-builder-416-107 bde-form-builder\">\n\n\n<form id=\"contact-form107\" class=\"breakdance-form breakdance-form--vertical\" data-options=\"{&quot;slug&quot;:&quot;custom&quot;,&quot;name&quot;:&quot;Contact Form&quot;,&quot;ajaxUrl&quot;:&quot;https:\\\/\\\/www.nemalujto.cz\\\/wp-admin\\\/admin-ajax.php&quot;,&quot;clearOnSuccess&quot;:true,&quot;hideOnSuccess&quot;:false,&quot;successMessage&quot;:&quot;Va\\u0161e zpr\\u00e1va byla posl\\u00e1na.&quot;,&quot;errorMessage&quot;:&quot;N\\u011bco se pokazilo.&quot;,&quot;redirect&quot;:false,&quot;redirectUrl&quot;:&quot;&quot;,&quot;customJavaScript&quot;:&quot;&quot;,&quot;recaptcha&quot;:{&quot;key&quot;:&quot;&quot;,&quot;enabled&quot;:false},&quot;honeypot_enabled&quot;:false,&quot;popupsOnSuccess&quot;:[],&quot;popupsOnError&quot;:[]}\" data-steps=\"0\" >\n  \n  \n  \n<div class=\"breakdance-form-field breakdance-form-field--text\" >\n    \n    \n            <label class=\"breakdance-form-field__label\" for=\"name\">\n            Jm\u00e9no<span class=\"breakdance-form-field__required\">*<\/span>\n        <\/label>\n    \n    <input\n    class=\"breakdance-form-field__input\"\n    id=\"name\"\n    aria-describedby=\"name\"\n    type=\"text\"\n    name=\"fields[name]\"\n    placeholder=\"\"\n    value=\"\"\n                \n        \n        \n    required\n>\n\n\n    \n    \n<\/div>\n\n\n<div class=\"breakdance-form-field breakdance-form-field--text\" >\n    \n    \n            <label class=\"breakdance-form-field__label\" for=\"xcywqj\">\n            P\u0159ijmen\u00ed<span class=\"breakdance-form-field__required\">*<\/span>\n        <\/label>\n    \n    <input\n    class=\"breakdance-form-field__input\"\n    id=\"xcywqj\"\n    aria-describedby=\"xcywqj\"\n    type=\"text\"\n    name=\"fields[xcywqj]\"\n    placeholder=\"\"\n    value=\"\"\n                \n        \n        \n    required\n>\n\n\n    \n    \n<\/div>\n\n\n<div class=\"breakdance-form-field breakdance-form-field--email\" >\n    \n    \n            <label class=\"breakdance-form-field__label\" for=\"email\">\n            Email<span class=\"breakdance-form-field__required\">*<\/span>\n        <\/label>\n    \n    <input\n    class=\"breakdance-form-field__input\"\n    id=\"email\"\n    aria-describedby=\"email\"\n    type=\"email\"\n    name=\"fields[email]\"\n    placeholder=\"\"\n    value=\"\"\n                \n        \n        \n    required\n>\n\n\n    \n    \n<\/div>\n\n\n<div class=\"breakdance-form-field breakdance-form-field--text\" >\n    \n    \n            <label class=\"breakdance-form-field__label\" for=\"ehifvn\">\n            Telefon\n        <\/label>\n    \n    <input\n    class=\"breakdance-form-field__input\"\n    id=\"ehifvn\"\n    aria-describedby=\"ehifvn\"\n    type=\"text\"\n    name=\"fields[ehifvn]\"\n    placeholder=\"\"\n    value=\"\"\n                \n        \n        \n    \n    \n    \n    \n>\n\n\n    \n    \n<\/div>\n\n\n<div class=\"breakdance-form-field breakdance-form-field--textarea\" >\n    \n    \n            <label class=\"breakdance-form-field__label\" for=\"message\">\n            Zpr\u00e1va<span class=\"breakdance-form-field__required\">*<\/span>\n        <\/label>\n    \n    <textarea\n    class=\"breakdance-form-field__input\"\n    id=\"message\"\n    aria-describedby=\"message\"\n    type=\"textarea\"\n    name=\"fields[message]\"\n        placeholder=\"Pro\u010d byste se cht\u011bli uch\u00e1zet, jak\u00e9 m\u00e1te zku\u0161enosti, kdy m\u00e1te \u010das, kdybyste cht\u011bli nastoupit,  odkud jste...\"\n    required\n>\n<\/textarea>\n\n\n    \n    \n<\/div>\n\n\n  \n\n<div class=\"breakdance-form-field breakdance-form-footer\">\n    \n    \n                                    \n    \n    \n    \n    \n            \n            <button type=\"submit\" class=\"button-atom button-atom--primary breakdance-form-button breakdance-form-button__submit\"  >\n    \n        <span class=\"button-atom__text\">Odeslat<\/span>\n\n        \n        \n            <\/button>\n    \n    <input type=\"hidden\" name=\"form_id\" value=\"107\">\n    <input type=\"hidden\" name=\"post_id\" value=\"416\">\n<\/div>\n\n  \n<input type=\"hidden\" name=\"trp-form-language\" value=\"en\"\/><\/form>\n\n\n\n<\/div>\n<\/div><div class=\"bde-column-416-108 bde-column\">\n  \n  \n\t\n\n\n\n<div class=\"bde-rich-text-416-109 bde-rich-text breakdance-rich-text-styles\">\n<h4>Sklad a kancel\u00e1\u0159e<\/h4><p>m\u00e1me na \u017di\u017ekov\u011b odkud na velkou \u010d\u00e1st zak\u00e1zek vyj\u00ed\u017ed\u00edme (pokud to m\u00e1te bl\u00ed\u017e na zak\u00e1zku potk\u00e1v\u00e1me se tam).<\/p>\n<\/div><div class=\"bde-google-map-416-110 bde-google-map\">\n\r\n<iframe width=\"100%\" height=\"100%\" style=\"border:0\" loading=\"lazy\" title=\"Map\" src=\"https:\/\/maps.google.com\/maps?q=Vlkova+35%2C+Praha&t=m&z=14&output=embed&iwloc=near\" allowfullscreen><\/iframe>\n\n<\/div>\n<\/div><\/div><\/div>\n<\/section>","protected":false},"excerpt":{"rendered":"<p>Chcete se st\u00e1t sou\u010d\u00e1st\u00ed na\u0161eho t\u00fdmu? Pokud m\u00e1te z\u00e1jem pracovat s n\u00e1mi ve firm\u011b p\u0159ihlaste se, r\u00e1di se s V\u00e1mi potk\u00e1me.Pokud si \u0159ekneme, \u017ee spolupr\u00e1ce pro ob\u011b strany vyhovuj\u00edc\u00ed, je nutn\u00e9 proj\u00edt na\u0161\u00edm vstupn\u00edm \u0161kolen\u00edm.Vypln\u00edte si vstupn\u00ed \u00fadaje a podep\u00ed\u0161eme DPP na t\u00fdden a\u017e m\u011bs\u00edc, n\u00e1sledn\u011b se z\u00fa\u010dastn\u00edte vstupn\u00edho \u0161kolen\u00ed (pou\u017e\u00edv\u00e1n\u00ed na\u0161\u00ed chemie, vybaven\u00ed, BOZP, [&hellip;]<\/p>","protected":false},"author":1,"featured_media":0,"parent":0,"menu_order":0,"comment_status":"closed","ping_status":"closed","template":"","meta":{"_breakdance_hide_in_design_set":false,"_breakdance_tags":"","footnotes":""},"class_list":["post-416","page","type-page","status-publish","hentry"],"_links":{"self":[{"href":"https:\/\/www.nemalujto.cz\/en\/wp-json\/wp\/v2\/pages\/416","targetHints":{"allow":["GET"]}}],"collection":[{"href":"https:\/\/www.nemalujto.cz\/en\/wp-json\/wp\/v2\/pages"}],"about":[{"href":"https:\/\/www.nemalujto.cz\/en\/wp-json\/wp\/v2\/types\/page"}],"author":[{"embeddable":true,"href":"https:\/\/www.nemalujto.cz\/en\/wp-json\/wp\/v2\/users\/1"}],"replies":[{"embeddable":true,"href":"https:\/\/www.nemalujto.cz\/en\/wp-json\/wp\/v2\/comments?post=416"}],"version-history":[{"count":3,"href":"https:\/\/www.nemalujto.cz\/en\/wp-json\/wp\/v2\/pages\/416\/revisions"}],"predecessor-version":[{"id":419,"href":"https:\/\/www.nemalujto.cz\/en\/wp-json\/wp\/v2\/pages\/416\/revisions\/419"}],"wp:attachment":[{"href":"https:\/\/www.nemalujto.cz\/en\/wp-json\/wp\/v2\/media?parent=416"}],"curies":[{"name":"wp","href":"https:\/\/api.w.org\/{rel}","templated":true}]}}