{"id":412,"date":"2024-11-24T23:39:21","date_gmt":"2024-11-24T22:39:21","guid":{"rendered":"https:\/\/www.nemalujto.cz\/?page_id=412"},"modified":"2024-11-24T23:39:21","modified_gmt":"2024-11-24T22:39:21","slug":"o-nas","status":"publish","type":"page","link":"https:\/\/www.nemalujto.cz\/en\/o-nas\/","title":{"rendered":"O n\u00e1s"},"content":{"rendered":"<section class=\"bde-section-412-100 bde-section\">\n  \n  \n\t\n\n\n\n<div class=\"section-container\"><h2 class=\"bde-heading-412-101 bde-heading\">\nSeznamte se s na\u0161im t\u00fdmem\n<\/h2><div class=\"bde-rich-text-412-102 bde-rich-text breakdance-rich-text-styles\">\n<p>Seznamte se s na\u0161imi kolegy. \ud83d\ude4b\ud83e\udee1 Je d\u016fle\u017eit\u00e9 veden\u00ed, nebo ten,  kdo bude u V\u00e1s doma nebo v kancel\u00e1\u0159i? My m\u00e1me jasno. Na prvn\u00ed m\u00edsto d\u00e1v\u00e1me ty, s kter\u00fdmi se jist\u011b brzy uvid\u00edte. <\/p>\n<\/div><div class=\"bde-columns-412-103 bde-columns\"><div class=\"bde-column-412-104 bde-column\">\n  \n  \n\t\n\n\n\n<div class=\"bde-image-412-124 bde-image\">\n<figure class=\"breakdance-image breakdance-image--414\">\n\t<div class=\"breakdance-image-container\">\n\t\t<div class=\"breakdance-image-clip\"><img loading=\"lazy\" decoding=\"async\" class=\"breakdance-image-object\" src=\"https:\/\/www.nemalujto.cz\/wp-content\/uploads\/2024\/11\/unknown-male-person-illustration-600nw-182014895.webp\" width=\"600\" height=\"559\" srcset=\"https:\/\/www.nemalujto.cz\/wp-content\/uploads\/2024\/11\/unknown-male-person-illustration-600nw-182014895.webp 600w, https:\/\/www.nemalujto.cz\/wp-content\/uploads\/2024\/11\/unknown-male-person-illustration-600nw-182014895-300x280.webp 300w, https:\/\/www.nemalujto.cz\/wp-content\/uploads\/2024\/11\/unknown-male-person-illustration-600nw-182014895-13x12.webp 13w\" sizes=\"auto, (max-width: 600px) 100vw, 600px\"><\/div>\n\t<\/div><\/figure>\n\n<\/div><div class=\"bde-div-412-106 bde-div\">\n  \n  \n\t\n\n\n\n<h3 class=\"bde-heading-412-107 bde-heading\">\nMarek\n<\/h3><div class=\"bde-text-412-108 bde-text\">\nZednick\u00e9 a instalaterk\u00e9 pr\u00e1ce\n<\/div><div class=\"bde-text-412-109 bde-text\">\nQuis bibendum velit diam tellus sed ut. Faucibus posuere enim, vitae enim eget neque tortor. Metus lectus mattis id id.\n<\/div>\n<\/div>\n<\/div><div class=\"bde-column-412-110 bde-column\">\n  \n  \n\t\n\n\n\n<div class=\"bde-image-412-111 bde-image\">\n<figure class=\"breakdance-image breakdance-image--414\">\n\t<div class=\"breakdance-image-container\">\n\t\t<div class=\"breakdance-image-clip\"><img loading=\"lazy\" decoding=\"async\" class=\"breakdance-image-object\" src=\"https:\/\/www.nemalujto.cz\/wp-content\/uploads\/2024\/11\/unknown-male-person-illustration-600nw-182014895.webp\" width=\"600\" height=\"559\" srcset=\"https:\/\/www.nemalujto.cz\/wp-content\/uploads\/2024\/11\/unknown-male-person-illustration-600nw-182014895.webp 600w, https:\/\/www.nemalujto.cz\/wp-content\/uploads\/2024\/11\/unknown-male-person-illustration-600nw-182014895-300x280.webp 300w, https:\/\/www.nemalujto.cz\/wp-content\/uploads\/2024\/11\/unknown-male-person-illustration-600nw-182014895-13x12.webp 13w\" sizes=\"auto, (max-width: 600px) 100vw, 600px\"><\/div>\n\t<\/div><\/figure>\n\n<\/div><div class=\"bde-div-412-112 bde-div\">\n  \n  \n\t\n\n\n\n<h3 class=\"bde-heading-412-113 bde-heading\">\nPetr\n<\/h3><div class=\"bde-text-412-114 bde-text\">\nMal\u00ed\u0159 a lak\u00fdrn\u00edk\n<\/div><div class=\"bde-text-412-115 bde-text\">\nUltricies massa malesuada viverra cras lobortis. Tempor orci hac ligula dapibus mauris sit ut eu. Eget turpis urna.\n<\/div>\n<\/div>\n<\/div><\/div><div class=\"bde-columns-412-116 bde-columns\"><div class=\"bde-column-412-117 bde-column\">\n  \n  \n\t\n\n\n\n<div class=\"bde-image-412-125 bde-image\">\n<figure class=\"breakdance-image breakdance-image--414\">\n\t<div class=\"breakdance-image-container\">\n\t\t<div class=\"breakdance-image-clip\"><img loading=\"lazy\" decoding=\"async\" class=\"breakdance-image-object\" src=\"https:\/\/www.nemalujto.cz\/wp-content\/uploads\/2024\/11\/unknown-male-person-illustration-600nw-182014895.webp\" width=\"600\" height=\"559\" srcset=\"https:\/\/www.nemalujto.cz\/wp-content\/uploads\/2024\/11\/unknown-male-person-illustration-600nw-182014895.webp 600w, https:\/\/www.nemalujto.cz\/wp-content\/uploads\/2024\/11\/unknown-male-person-illustration-600nw-182014895-300x280.webp 300w, https:\/\/www.nemalujto.cz\/wp-content\/uploads\/2024\/11\/unknown-male-person-illustration-600nw-182014895-13x12.webp 13w\" sizes=\"auto, (max-width: 600px) 100vw, 600px\"><\/div>\n\t<\/div><\/figure>\n\n<\/div><div class=\"bde-div-412-119 bde-div\">\n  \n  \n\t\n\n\n\n<h3 class=\"bde-heading-412-120 bde-heading\">\nRadek\n<\/h3><div class=\"bde-text-412-121 bde-text\">\nPodlah\u00e1\u0159sk\u00e9 pr\u00e1ce\n<\/div><div class=\"bde-text-412-122 bde-text\">\nQuis bibendum velit diam tellus sed ut. Faucibus posuere enim, vitae enim eget neque tortor. Metus lectus mattis id id.\n<\/div>\n<\/div>\n<\/div><div class=\"bde-column-412-123 bde-column\">\n  \n  \n\t\n\n\n\n\n<\/div><\/div><\/div>\n<\/section>","protected":false},"excerpt":{"rendered":"<p>Seznamte se s na\u0161im t\u00fdmem Seznamte se s na\u0161imi kolegy. \ud83d\ude4b\ud83e\udee1 Je d\u016fle\u017eit\u00e9 veden\u00ed, nebo ten, kdo bude u V\u00e1s doma nebo v kancel\u00e1\u0159i? My m\u00e1me jasno. Na prvn\u00ed m\u00edsto d\u00e1v\u00e1me ty, s kter\u00fdmi se jist\u011b brzy uvid\u00edte. Marek Zednick\u00e9 a instalaterk\u00e9 pr\u00e1ce Quis bibendum velit diam tellus sed ut. Faucibus posuere enim, vitae enim [&hellip;]<\/p>","protected":false},"author":1,"featured_media":0,"parent":0,"menu_order":0,"comment_status":"closed","ping_status":"closed","template":"","meta":{"_breakdance_hide_in_design_set":false,"_breakdance_tags":"","footnotes":""},"class_list":["post-412","page","type-page","status-publish","hentry"],"_links":{"self":[{"href":"https:\/\/www.nemalujto.cz\/en\/wp-json\/wp\/v2\/pages\/412","targetHints":{"allow":["GET"]}}],"collection":[{"href":"https:\/\/www.nemalujto.cz\/en\/wp-json\/wp\/v2\/pages"}],"about":[{"href":"https:\/\/www.nemalujto.cz\/en\/wp-json\/wp\/v2\/types\/page"}],"author":[{"embeddable":true,"href":"https:\/\/www.nemalujto.cz\/en\/wp-json\/wp\/v2\/users\/1"}],"replies":[{"embeddable":true,"href":"https:\/\/www.nemalujto.cz\/en\/wp-json\/wp\/v2\/comments?post=412"}],"version-history":[{"count":2,"href":"https:\/\/www.nemalujto.cz\/en\/wp-json\/wp\/v2\/pages\/412\/revisions"}],"predecessor-version":[{"id":415,"href":"https:\/\/www.nemalujto.cz\/en\/wp-json\/wp\/v2\/pages\/412\/revisions\/415"}],"wp:attachment":[{"href":"https:\/\/www.nemalujto.cz\/en\/wp-json\/wp\/v2\/media?parent=412"}],"curies":[{"name":"wp","href":"https:\/\/api.w.org\/{rel}","templated":true}]}}