{"id":231,"date":"2024-11-19T23:45:31","date_gmt":"2024-11-19T22:45:31","guid":{"rendered":"https:\/\/www.nemalujto.cz\/?page_id=231"},"modified":"2024-12-12T22:09:23","modified_gmt":"2024-12-12T21:09:23","slug":"objednavka","status":"publish","type":"page","link":"https:\/\/www.nemalujto.cz\/en\/objednavka\/","title":{"rendered":"Objedn\u00e1vka"},"content":{"rendered":"<section class=\"bde-section-231-100 bde-section\">\n  \n  \n\t\n\n\n\n<div class=\"section-container\"><div class=\"bde-code-block-231-101 bde-code-block\">\n\n\n\n<\/div><h3 class=\"bde-heading-231-162 bde-heading\">\nKompetn\u00ed cen\u00edk\n<\/h3><div class=\"bde-frequently-asked-questions-231-146 bde-frequently-asked-questions\">\n      <div class=\"bde-faq__item\">\n      <h3 class=\"bde-faq__title-tag\">\n       <button id=\"bde-faq-146-button-1\" aria-expanded=\"false\" aria-controls=\"bde-faq-146-1\" class=\"bde-faq__question js-faq-item\">\n          <span class=\"bde-faq__title\">P\u0159iprava p\u0159ed malov\u00e1n\u00edm<\/span>\n                           <div aria-hidden=\"true\" class=\"bde-faq__icon bde-faq__icon--inactive\">\n                                <svg xmlns=\"http:\/\/www.w3.org\/2000\/svg\" viewbox=\"0 0 448 512\"><!-- Font Awesome Free 5.15.1 by @fontawesome - https:\/\/fontawesome.com License - https:\/\/fontawesome.com\/license\/free (Icons: CC BY 4.0, Fonts: SIL OFL 1.1, Code: MIT License) --><path d=\"M448 80v352c0 26.5-21.5 48-48 48H48c-26.5 0-48-21.5-48-48V80c0-26.5 21.5-48 48-48h352c26.5 0 48 21.5 48 48zM92.5 220.5l123 123c4.7 4.7 12.3 4.7 17 0l123-123c7.6-7.6 2.2-20.5-8.5-20.5H101c-10.7 0-16.1 12.9-8.5 20.5z\"\/><\/svg>\n                            <\/div>\n         \t  <div aria-hidden=\"true\" class=\"bde-faq__icon bde-faq__icon--active\">\n                                <svg xmlns=\"http:\/\/www.w3.org\/2000\/svg\" viewbox=\"0 0 448 512\"><!-- Font Awesome Free 5.15.1 by @fontawesome - https:\/\/fontawesome.com License - https:\/\/fontawesome.com\/license\/free (Icons: CC BY 4.0, Fonts: SIL OFL 1.1, Code: MIT License) --><path d=\"M0 432V80c0-26.51 21.49-48 48-48h352c26.51 0 48 21.49 48 48v352c0 26.51-21.49 48-48 48H48c-26.51 0-48-21.49-48-48zm355.515-140.485l-123.03-123.03c-4.686-4.686-12.284-4.686-16.971 0L92.485 291.515c-7.56 7.56-2.206 20.485 8.485 20.485h246.059c10.691 0 16.045-12.926 8.486-20.485z\"\/><\/svg>\n                            <\/div>\n                  <\/button>\n      <\/h3>\n      <div role=\"region\" aria-labelledby=\"bde-faq-146-button-1\" id=\"bde-faq-146-1\" class=\"bde-faq__answer\">\n        <div class=\"bde-faq__answer-content\">\n            <div class=\"breakdance-rich-text-styles\"><center><p>Zakr\u00fdv\u00e1n\u00ed podlah a n\u00e1bytku od 20 K\u010d\/m\u00b2<\/p><p>Demont\u00e1\u017e, mont\u00e1\u017e, zakryt\u00ed kryt\u016f z\u00e1suvek, sv\u011btel od 300 K\u010d\/hod<\/p><p>St\u011bhov\u00e1n\u00ed n\u00e1bytku od 350 K\u010d\/hod<\/p><p>P\u0159\u00edplatek za pr\u00e1ci ve v\u00fd\u0161k\u00e1ch nad 4 m od 25 K\u010d\/m\u00b2<\/p><p>P\u0159\u00edplatek za pr\u00e1ci na schodi\u0161ti od 25 K\u010d\/m\u00b2<\/p><p><\/p><p>Akrylov\u00e1n\u00ed od 25 K\u010d\/m\u00b2<\/p><p>Zahozen\u00ed \u0161lic\u016f od 75 K\u010d\/m\u00b2<\/p><p>\u0160t\u011brkov\u00e1n\u00ed celoplo\u0161n\u00e9&nbsp;od 190 K\u010d\/m\u00b2<\/p><p>\u0160t\u011brkov\u00e1n\u00ed lok\u00e1ln\u011b&nbsp;od 120 K\u010d\/m\u00b2<\/p><p>Nata\u017een\u00ed lepidla s perlinkou&nbsp;od 250 K\u010d\/m\u00b2<\/p><p>Brou\u0161en\u00ed nov\u00e9 om\u00edtky\/o\u0161kr\u00e1b\u00e1n\u00ed om\u00edtky od 40&nbsp;K\u010d\/m\u00b2<\/p><p>\u0160tukov\u00e1n\u00ed&nbsp;od 190 K\u010d\/m\u00b2<\/p><p>Brou\u0161en\u00ed nov\u00fdch \u0161tuk\u016f od 30 K\u010d\/m\u00b2<\/p><p>Izolace zate\u010den\u00fdch skvrn 280 K\u010d\/m\u00b2<\/p><\/center><\/div>\n\n                    <\/div>\n      <\/div>\n    <\/div>\n      <div class=\"bde-faq__item\">\n      <h3 class=\"bde-faq__title-tag\">\n       <button id=\"bde-faq-146-button-2\" aria-expanded=\"false\" aria-controls=\"bde-faq-146-2\" class=\"bde-faq__question js-faq-item\">\n          <span class=\"bde-faq__title\">Malov\u00e1n\u00ed a tapety<\/span>\n                           <div aria-hidden=\"true\" class=\"bde-faq__icon bde-faq__icon--inactive\">\n                                <svg xmlns=\"http:\/\/www.w3.org\/2000\/svg\" viewbox=\"0 0 448 512\"><!-- Font Awesome Free 5.15.1 by @fontawesome - https:\/\/fontawesome.com License - https:\/\/fontawesome.com\/license\/free (Icons: CC BY 4.0, Fonts: SIL OFL 1.1, Code: MIT License) --><path d=\"M448 80v352c0 26.5-21.5 48-48 48H48c-26.5 0-48-21.5-48-48V80c0-26.5 21.5-48 48-48h352c26.5 0 48 21.5 48 48zM92.5 220.5l123 123c4.7 4.7 12.3 4.7 17 0l123-123c7.6-7.6 2.2-20.5-8.5-20.5H101c-10.7 0-16.1 12.9-8.5 20.5z\"\/><\/svg>\n                            <\/div>\n         \t  <div aria-hidden=\"true\" class=\"bde-faq__icon bde-faq__icon--active\">\n                                <svg xmlns=\"http:\/\/www.w3.org\/2000\/svg\" viewbox=\"0 0 448 512\"><!-- Font Awesome Free 5.15.1 by @fontawesome - https:\/\/fontawesome.com License - https:\/\/fontawesome.com\/license\/free (Icons: CC BY 4.0, Fonts: SIL OFL 1.1, Code: MIT License) --><path d=\"M0 432V80c0-26.51 21.49-48 48-48h352c26.51 0 48 21.49 48 48v352c0 26.51-21.49 48-48 48H48c-26.51 0-48-21.49-48-48zm355.515-140.485l-123.03-123.03c-4.686-4.686-12.284-4.686-16.971 0L92.485 291.515c-7.56 7.56-2.206 20.485 8.485 20.485h246.059c10.691 0 16.045-12.926 8.486-20.485z\"\/><\/svg>\n                            <\/div>\n                  <\/button>\n      <\/h3>\n      <div role=\"region\" aria-labelledby=\"bde-faq-146-button-2\" id=\"bde-faq-146-2\" class=\"bde-faq__answer\">\n        <div class=\"bde-faq__answer-content\">\n            <div class=\"breakdance-rich-text-styles\"><center><p><strong>Malov\u00e1n\u00ed<\/strong><\/p><p>Omyt\u00ed st\u011bn + penetrace + 1 n\u00e1t\u011br od 61 K\u010d\/m2<\/p><p>Omyt\u00ed st\u011bn + penetrace + 1 n\u00e1t\u011br barevn\u00e1 barva od 69 K\u010d\/m2<\/p><p>Dal\u0161\u00ed n\u00e1t\u011br od 28 K\u010d\/m2<\/p><p><\/p><p><strong>Tapety<\/strong><\/p><p>Aplikace (lepen\u00ed) pap\u00edrov\u00fdch tapet \u2013 od 60 K\u010d\/m2<\/p><p>Aplikace vinylov\u00fdch tapet, vliesov\u00fdch tapet, dekora\u010dn\u00edch tapet \u2013 od 150 K\u010d\/m2<\/p><\/center><\/div>\n\n                    <\/div>\n      <\/div>\n    <\/div>\n      <div class=\"bde-faq__item\">\n      <h3 class=\"bde-faq__title-tag\">\n       <button id=\"bde-faq-146-button-3\" aria-expanded=\"false\" aria-controls=\"bde-faq-146-3\" class=\"bde-faq__question js-faq-item\">\n          <span class=\"bde-faq__title\">Lak\u00fdrnick\u00e9 slu\u017eby<\/span>\n                           <div aria-hidden=\"true\" class=\"bde-faq__icon bde-faq__icon--inactive\">\n                                <svg xmlns=\"http:\/\/www.w3.org\/2000\/svg\" viewbox=\"0 0 448 512\"><!-- Font Awesome Free 5.15.1 by @fontawesome - https:\/\/fontawesome.com License - https:\/\/fontawesome.com\/license\/free (Icons: CC BY 4.0, Fonts: SIL OFL 1.1, Code: MIT License) --><path d=\"M448 80v352c0 26.5-21.5 48-48 48H48c-26.5 0-48-21.5-48-48V80c0-26.5 21.5-48 48-48h352c26.5 0 48 21.5 48 48zM92.5 220.5l123 123c4.7 4.7 12.3 4.7 17 0l123-123c7.6-7.6 2.2-20.5-8.5-20.5H101c-10.7 0-16.1 12.9-8.5 20.5z\"\/><\/svg>\n                            <\/div>\n         \t  <div aria-hidden=\"true\" class=\"bde-faq__icon bde-faq__icon--active\">\n                                <svg xmlns=\"http:\/\/www.w3.org\/2000\/svg\" viewbox=\"0 0 448 512\"><!-- Font Awesome Free 5.15.1 by @fontawesome - https:\/\/fontawesome.com License - https:\/\/fontawesome.com\/license\/free (Icons: CC BY 4.0, Fonts: SIL OFL 1.1, Code: MIT License) --><path d=\"M0 432V80c0-26.51 21.49-48 48-48h352c26.51 0 48 21.49 48 48v352c0 26.51-21.49 48-48 48H48c-26.51 0-48-21.49-48-48zm355.515-140.485l-123.03-123.03c-4.686-4.686-12.284-4.686-16.971 0L92.485 291.515c-7.56 7.56-2.206 20.485 8.485 20.485h246.059c10.691 0 16.045-12.926 8.486-20.485z\"\/><\/svg>\n                            <\/div>\n                  <\/button>\n      <\/h3>\n      <div role=\"region\" aria-labelledby=\"bde-faq-146-button-3\" id=\"bde-faq-146-3\" class=\"bde-faq__answer\">\n        <div class=\"bde-faq__answer-content\">\n            <div class=\"breakdance-rich-text-styles\"><center>\n<p><b>P\u0159\u00edprava<\/b><\/p>\n<p>Odma\u0161t\u011bn\u00ed od 35 K\u010d\/m2<\/p>\n<p>Brou\u0161en\u00ed od 39 K\u010d\/m2<\/p>\n<p>Opalov\u00e1n\u00ed star\u00fdch n\u00e1t\u011br\u016f cel\u00e9 - v\u010d. brou\u0161en\u00ed od 550 K\u010d\/m<\/p>\n<p>Opalov\u00e1n\u00ed star\u00fdch n\u00e1t\u011br\u016f 50 % plochy v\u010d. brou\u0161en\u00ed od 275 K\u010d\/m\u00b2\u00a0\u00a0\u00a0\u00a0\u00a0\u00a0<\/p>\n<p>Opalov\u00e1n\u00ed star\u00fdch n\u00e1t\u011br\u016f 25 % v\u010d. brou\u0161en\u00ed od 140 K\u010d\/m\u00b2<\/p>\n<p>\u00a0<\/p>\n<p>\u00a0<\/p>\n<p><b>Lakov\u00e1n\u00ed<\/b><\/p>\n<p>Okna, dve\u0159e, d\u0159ev. z\u00e1rubn\u011b\u00a0od 350 K\u010d\/m2<\/p>\n<p>Lakov\u00e1n\u00ed kov. z\u00e1rubn\u00ed\u00a0od 45 K\u010d\/m2<\/p>\n<p>Lakov\u00e1n\u00ed d\u0159ev. n\u00e1bytku\u00a0\u00a0od 350 K\u010d\/m2<\/p>\n<p>Lakov\u00e1n\u00ed a n\u00e1t\u011br podbit\u00ed a plot\u016f\u00a0\u00a0od 250 K\u010d\/ks<\/p>\n<p>Lakov\u00e1n\u00ed sokl\u016f\u00a0180 K\u010d\/m2<\/p>\n<p>Napou\u0161t\u011bn\u00ed (pen.)\u00a0od 50 K\u010d\/m2<\/p>\n<p>Lazurov\u00e1n\u00ed\u00a0 od 200 K\u010d\/m2<\/p>\n<\/center><\/div>\n\n                    <\/div>\n      <\/div>\n    <\/div>\n      <div class=\"bde-faq__item\">\n      <h3 class=\"bde-faq__title-tag\">\n       <button id=\"bde-faq-146-button-4\" aria-expanded=\"false\" aria-controls=\"bde-faq-146-4\" class=\"bde-faq__question js-faq-item\">\n          <span class=\"bde-faq__title\">Hodinov\u00fd man\u017eel<\/span>\n                           <div aria-hidden=\"true\" class=\"bde-faq__icon bde-faq__icon--inactive\">\n                                <svg xmlns=\"http:\/\/www.w3.org\/2000\/svg\" viewbox=\"0 0 448 512\"><!-- Font Awesome Free 5.15.1 by @fontawesome - https:\/\/fontawesome.com License - https:\/\/fontawesome.com\/license\/free (Icons: CC BY 4.0, Fonts: SIL OFL 1.1, Code: MIT License) --><path d=\"M448 80v352c0 26.5-21.5 48-48 48H48c-26.5 0-48-21.5-48-48V80c0-26.5 21.5-48 48-48h352c26.5 0 48 21.5 48 48zM92.5 220.5l123 123c4.7 4.7 12.3 4.7 17 0l123-123c7.6-7.6 2.2-20.5-8.5-20.5H101c-10.7 0-16.1 12.9-8.5 20.5z\"\/><\/svg>\n                            <\/div>\n         \t  <div aria-hidden=\"true\" class=\"bde-faq__icon bde-faq__icon--active\">\n                                <svg xmlns=\"http:\/\/www.w3.org\/2000\/svg\" viewbox=\"0 0 448 512\"><!-- Font Awesome Free 5.15.1 by @fontawesome - https:\/\/fontawesome.com License - https:\/\/fontawesome.com\/license\/free (Icons: CC BY 4.0, Fonts: SIL OFL 1.1, Code: MIT License) --><path d=\"M0 432V80c0-26.51 21.49-48 48-48h352c26.51 0 48 21.49 48 48v352c0 26.51-21.49 48-48 48H48c-26.51 0-48-21.49-48-48zm355.515-140.485l-123.03-123.03c-4.686-4.686-12.284-4.686-16.971 0L92.485 291.515c-7.56 7.56-2.206 20.485 8.485 20.485h246.059c10.691 0 16.045-12.926 8.486-20.485z\"\/><\/svg>\n                            <\/div>\n                  <\/button>\n      <\/h3>\n      <div role=\"region\" aria-labelledby=\"bde-faq-146-button-4\" id=\"bde-faq-146-4\" class=\"bde-faq__answer\">\n        <div class=\"bde-faq__answer-content\">\n            <div class=\"breakdance-rich-text-styles\"><center>\n<p>Prvn\u00ed hodina pr\u00e1ce 1200 K\u010d<\/p>\n<p>Dal\u0161\u00ed za 600 K\u010d\/h<\/p>\n<p>Materi\u00e1l dle spot\u0159eby<\/p>\n<\/center><\/div>\n\n                    <\/div>\n      <\/div>\n    <\/div>\n      <div class=\"bde-faq__item\">\n      <h3 class=\"bde-faq__title-tag\">\n       <button id=\"bde-faq-146-button-5\" aria-expanded=\"false\" aria-controls=\"bde-faq-146-5\" class=\"bde-faq__question js-faq-item\">\n          <span class=\"bde-faq__title\">S\u00e1drokarton\u00e1\u0159sk\u00e9 pr\u00e1ce<\/span>\n                           <div aria-hidden=\"true\" class=\"bde-faq__icon bde-faq__icon--inactive\">\n                                <svg xmlns=\"http:\/\/www.w3.org\/2000\/svg\" viewbox=\"0 0 448 512\"><!-- Font Awesome Free 5.15.1 by @fontawesome - https:\/\/fontawesome.com License - https:\/\/fontawesome.com\/license\/free (Icons: CC BY 4.0, Fonts: SIL OFL 1.1, Code: MIT License) --><path d=\"M448 80v352c0 26.5-21.5 48-48 48H48c-26.5 0-48-21.5-48-48V80c0-26.5 21.5-48 48-48h352c26.5 0 48 21.5 48 48zM92.5 220.5l123 123c4.7 4.7 12.3 4.7 17 0l123-123c7.6-7.6 2.2-20.5-8.5-20.5H101c-10.7 0-16.1 12.9-8.5 20.5z\"\/><\/svg>\n                            <\/div>\n         \t  <div aria-hidden=\"true\" class=\"bde-faq__icon bde-faq__icon--active\">\n                                <svg xmlns=\"http:\/\/www.w3.org\/2000\/svg\" viewbox=\"0 0 448 512\"><!-- Font Awesome Free 5.15.1 by @fontawesome - https:\/\/fontawesome.com License - https:\/\/fontawesome.com\/license\/free (Icons: CC BY 4.0, Fonts: SIL OFL 1.1, Code: MIT License) --><path d=\"M0 432V80c0-26.51 21.49-48 48-48h352c26.51 0 48 21.49 48 48v352c0 26.51-21.49 48-48 48H48c-26.51 0-48-21.49-48-48zm355.515-140.485l-123.03-123.03c-4.686-4.686-12.284-4.686-16.971 0L92.485 291.515c-7.56 7.56-2.206 20.485 8.485 20.485h246.059c10.691 0 16.045-12.926 8.486-20.485z\"\/><\/svg>\n                            <\/div>\n                  <\/button>\n      <\/h3>\n      <div role=\"region\" aria-labelledby=\"bde-faq-146-button-5\" id=\"bde-faq-146-5\" class=\"bde-faq__answer\">\n        <div class=\"bde-faq__answer-content\">\n            <div class=\"breakdance-rich-text-styles\"><center><p>Podhled rovn\u00fd\u00a0 od 350 ,- k\u010d \/ m2 bez materi\u00e1lu<\/p>\n<p>P\u0159\u00ed\u010dka\u00a0 od 400 ,- k\u010d \/ m2 bez materi\u00e1lu<\/p>\n<p>materi\u00e1l dle specifikace klienta<\/p><\/center><\/div>\n\n                    <\/div>\n      <\/div>\n    <\/div>\n      <div class=\"bde-faq__item\">\n      <h3 class=\"bde-faq__title-tag\">\n       <button id=\"bde-faq-146-button-6\" aria-expanded=\"false\" aria-controls=\"bde-faq-146-6\" class=\"bde-faq__question js-faq-item\">\n          <span class=\"bde-faq__title\">Podlah\u00e1\u0159sk\u00e9 pr\u00e1ce<\/span>\n                           <div aria-hidden=\"true\" class=\"bde-faq__icon bde-faq__icon--inactive\">\n                                <svg xmlns=\"http:\/\/www.w3.org\/2000\/svg\" viewbox=\"0 0 448 512\"><!-- Font Awesome Free 5.15.1 by @fontawesome - https:\/\/fontawesome.com License - https:\/\/fontawesome.com\/license\/free (Icons: CC BY 4.0, Fonts: SIL OFL 1.1, Code: MIT License) --><path d=\"M448 80v352c0 26.5-21.5 48-48 48H48c-26.5 0-48-21.5-48-48V80c0-26.5 21.5-48 48-48h352c26.5 0 48 21.5 48 48zM92.5 220.5l123 123c4.7 4.7 12.3 4.7 17 0l123-123c7.6-7.6 2.2-20.5-8.5-20.5H101c-10.7 0-16.1 12.9-8.5 20.5z\"\/><\/svg>\n                            <\/div>\n         \t  <div aria-hidden=\"true\" class=\"bde-faq__icon bde-faq__icon--active\">\n                                <svg xmlns=\"http:\/\/www.w3.org\/2000\/svg\" viewbox=\"0 0 448 512\"><!-- Font Awesome Free 5.15.1 by @fontawesome - https:\/\/fontawesome.com License - https:\/\/fontawesome.com\/license\/free (Icons: CC BY 4.0, Fonts: SIL OFL 1.1, Code: MIT License) --><path d=\"M0 432V80c0-26.51 21.49-48 48-48h352c26.51 0 48 21.49 48 48v352c0 26.51-21.49 48-48 48H48c-26.51 0-48-21.49-48-48zm355.515-140.485l-123.03-123.03c-4.686-4.686-12.284-4.686-16.971 0L92.485 291.515c-7.56 7.56-2.206 20.485 8.485 20.485h246.059c10.691 0 16.045-12.926 8.486-20.485z\"\/><\/svg>\n                            <\/div>\n                  <\/button>\n      <\/h3>\n      <div role=\"region\" aria-labelledby=\"bde-faq-146-button-6\" id=\"bde-faq-146-6\" class=\"bde-faq__answer\">\n        <div class=\"bde-faq__answer-content\">\n            <div class=\"breakdance-rich-text-styles\"><center><p>Vyrovn\u00e1n\u00ed podkladu samonivela\u010dn\u00ed st\u011brkou od 200,- k\u010d \/ m2<\/p>\n<p>Pokl\u00e1dka lamin\u00e1tov\u00e9 plovouc\u00ed podlahy\u00a0 ( se z\u00e1mkem ) od 250,- k\u010d \/ m2<\/p>\n<p>Mont\u00e1\u017e soklov\u00e9 li\u0161t od 70,- k\u010d \/ m2<\/p>\n<p>Mont\u00e1\u017e prahu, \u00faprava prahu, mont\u00e1\u017e li\u0161ty od 150,- k\u010d \/ ks<\/p>\n<p>&nbsp;<\/p>\n<p>Hloubkov\u00e9 strojn\u00ed \u010di\u0161t\u011bn\u00ed od 100 K\u010d \/ m2<\/p>\n<p>Hloubkov\u00e9 ru\u010dn\u00ed \u010di\u0161t\u011bn\u00ed od 150 K\u010d \/ m2<\/p>\n<p>Brou\u0161en\u00ed podlah od 400 K\u010d \/ m2<\/p>\n<p>Tmelen\u00ed parket (jedna vrstva) od 40 K\u010d \/ m2<\/p>\n<p>Lakov\u00e1n\u00ed parket (jedna vrstva) od 55 K\u010d \/ m2<\/p>\n<p>Olejov\u00e1n\u00ed parket od 120 K\u010d \/ m2<\/p>\n<p>Voskov\u00e1n\u00ed od 65 K\u010d \/m2<\/p>\n<p>&nbsp;<\/p><\/center><\/div>\n\n                    <\/div>\n      <\/div>\n    <\/div>\n      <div class=\"bde-faq__item\">\n      <h3 class=\"bde-faq__title-tag\">\n       <button id=\"bde-faq-146-button-7\" aria-expanded=\"false\" aria-controls=\"bde-faq-146-7\" class=\"bde-faq__question js-faq-item\">\n          <span class=\"bde-faq__title\">\u00daklid<\/span>\n                           <div aria-hidden=\"true\" class=\"bde-faq__icon bde-faq__icon--inactive\">\n                                <svg xmlns=\"http:\/\/www.w3.org\/2000\/svg\" viewbox=\"0 0 448 512\"><!-- Font Awesome Free 5.15.1 by @fontawesome - https:\/\/fontawesome.com License - https:\/\/fontawesome.com\/license\/free (Icons: CC BY 4.0, Fonts: SIL OFL 1.1, Code: MIT License) --><path d=\"M448 80v352c0 26.5-21.5 48-48 48H48c-26.5 0-48-21.5-48-48V80c0-26.5 21.5-48 48-48h352c26.5 0 48 21.5 48 48zM92.5 220.5l123 123c4.7 4.7 12.3 4.7 17 0l123-123c7.6-7.6 2.2-20.5-8.5-20.5H101c-10.7 0-16.1 12.9-8.5 20.5z\"\/><\/svg>\n                            <\/div>\n         \t  <div aria-hidden=\"true\" class=\"bde-faq__icon bde-faq__icon--active\">\n                                <svg xmlns=\"http:\/\/www.w3.org\/2000\/svg\" viewbox=\"0 0 448 512\"><!-- Font Awesome Free 5.15.1 by @fontawesome - https:\/\/fontawesome.com License - https:\/\/fontawesome.com\/license\/free (Icons: CC BY 4.0, Fonts: SIL OFL 1.1, Code: MIT License) --><path d=\"M0 432V80c0-26.51 21.49-48 48-48h352c26.51 0 48 21.49 48 48v352c0 26.51-21.49 48-48 48H48c-26.51 0-48-21.49-48-48zm355.515-140.485l-123.03-123.03c-4.686-4.686-12.284-4.686-16.971 0L92.485 291.515c-7.56 7.56-2.206 20.485 8.485 20.485h246.059c10.691 0 16.045-12.926 8.486-20.485z\"\/><\/svg>\n                            <\/div>\n                  <\/button>\n      <\/h3>\n      <div role=\"region\" aria-labelledby=\"bde-faq-146-button-7\" id=\"bde-faq-146-7\" class=\"bde-faq__answer\">\n        <div class=\"bde-faq__answer-content\">\n            <div class=\"breakdance-rich-text-styles\"><p>Pokud m\u00e1te z\u00e1jem dozv\u011bd\u011bt se v\u00edce o slu\u017eb\u00e1ch a mo\u017enostech \u00faklidu, doporu\u010dujeme nav\u0161t\u00edvit n\u00e1\u0161 <a target=\"_self\" href=\"https:\/\/www.neuklizejto.cz\/\">web NeuklizejTo<\/a>, kde najdete podrobn\u011bj\u0161\u00ed informace. Str\u00e1nky obsahuj\u00ed \u0161ir\u0161\u00ed nab\u00eddku \u00faklidov\u00fdch slu\u017eeb.<\/p><p><\/p><\/div>\n\n                    <\/div>\n      <\/div>\n    <\/div>\n      <div class=\"bde-faq__item\">\n      <h3 class=\"bde-faq__title-tag\">\n       <button id=\"bde-faq-146-button-8\" aria-expanded=\"false\" aria-controls=\"bde-faq-146-8\" class=\"bde-faq__question js-faq-item\">\n          <span class=\"bde-faq__title\">Doprava<\/span>\n                           <div aria-hidden=\"true\" class=\"bde-faq__icon bde-faq__icon--inactive\">\n                                <svg xmlns=\"http:\/\/www.w3.org\/2000\/svg\" viewbox=\"0 0 448 512\"><!-- Font Awesome Free 5.15.1 by @fontawesome - https:\/\/fontawesome.com License - https:\/\/fontawesome.com\/license\/free (Icons: CC BY 4.0, Fonts: SIL OFL 1.1, Code: MIT License) --><path d=\"M448 80v352c0 26.5-21.5 48-48 48H48c-26.5 0-48-21.5-48-48V80c0-26.5 21.5-48 48-48h352c26.5 0 48 21.5 48 48zM92.5 220.5l123 123c4.7 4.7 12.3 4.7 17 0l123-123c7.6-7.6 2.2-20.5-8.5-20.5H101c-10.7 0-16.1 12.9-8.5 20.5z\"\/><\/svg>\n                            <\/div>\n         \t  <div aria-hidden=\"true\" class=\"bde-faq__icon bde-faq__icon--active\">\n                                <svg xmlns=\"http:\/\/www.w3.org\/2000\/svg\" viewbox=\"0 0 448 512\"><!-- Font Awesome Free 5.15.1 by @fontawesome - https:\/\/fontawesome.com License - https:\/\/fontawesome.com\/license\/free (Icons: CC BY 4.0, Fonts: SIL OFL 1.1, Code: MIT License) --><path d=\"M0 432V80c0-26.51 21.49-48 48-48h352c26.51 0 48 21.49 48 48v352c0 26.51-21.49 48-48 48H48c-26.51 0-48-21.49-48-48zm355.515-140.485l-123.03-123.03c-4.686-4.686-12.284-4.686-16.971 0L92.485 291.515c-7.56 7.56-2.206 20.485 8.485 20.485h246.059c10.691 0 16.045-12.926 8.486-20.485z\"\/><\/svg>\n                            <\/div>\n                  <\/button>\n      <\/h3>\n      <div role=\"region\" aria-labelledby=\"bde-faq-146-button-8\" id=\"bde-faq-146-8\" class=\"bde-faq__answer\">\n        <div class=\"bde-faq__answer-content\">\n            <div class=\"breakdance-rich-text-styles\"><p style=\"text-align: center;\">Praha 3 a okol\u00ed od 350 K\u010d<\/p>\n<p style=\"text-align: center;\">Praha st\u0159ed od 650 K\u010d<\/p>\n<p style=\"text-align: center;\">Praha okraj od 1050 K\u010d<\/p>\n<p style=\"text-align: center;\">St\u0159edo\u010desk\u00fd kraj od 1250 K\u010d<\/p><\/div>\n\n                    <\/div>\n      <\/div>\n    <\/div>\n  \n<\/div><div class=\"bde-rich-text-231-163 bde-rich-text breakdance-rich-text-styles\">\n<h3>Pro zak\u00e1zky p\u0159esahuj\u00edc\u00ed 5 tis sestavujeme cenovou nab\u00eddku s polo\u017ekov\u00fdm rozpo\u010dtem dle Va\u0161ich po\u017eadavk\u016f.<\/h3>\n<\/div><\/div>\n<\/section><section class=\"bde-section-231-135 bde-section\">\n  \n  \n\t\n\n\n\n<div class=\"section-container\"><div class=\"bde-form-builder-231-134 bde-form-builder\">\n\n\n<form id=\"contact-form134\" class=\"breakdance-form breakdance-form--vertical\" data-options=\"{&quot;slug&quot;:&quot;custom&quot;,&quot;name&quot;:&quot;Contact Form&quot;,&quot;ajaxUrl&quot;:&quot;https:\\\/\\\/www.nemalujto.cz\\\/wp-admin\\\/admin-ajax.php&quot;,&quot;clearOnSuccess&quot;:true,&quot;hideOnSuccess&quot;:false,&quot;successMessage&quot;:&quot;Va\\u0161e zpr\\u00e1va byla odesl\\u00e1na.&quot;,&quot;errorMessage&quot;:&quot;N\\u011bco se pokazilo.&quot;,&quot;redirect&quot;:false,&quot;redirectUrl&quot;:&quot;&quot;,&quot;customJavaScript&quot;:&quot;&quot;,&quot;recaptcha&quot;:{&quot;key&quot;:&quot;&quot;,&quot;enabled&quot;:false},&quot;honeypot_enabled&quot;:false,&quot;popupsOnSuccess&quot;:[],&quot;popupsOnError&quot;:[]}\" data-steps=\"0\" >\n  \n  \n  \n<div class=\"breakdance-form-field breakdance-form-field--text\" >\n    \n    \n            <label class=\"breakdance-form-field__label\" for=\"name\">\n            Jm\u00e9no<span class=\"breakdance-form-field__required\">*<\/span>\n        <\/label>\n    \n    <input\n    class=\"breakdance-form-field__input\"\n    id=\"name\"\n    aria-describedby=\"name\"\n    type=\"text\"\n    name=\"fields[name]\"\n    placeholder=\"\"\n    value=\"\"\n                \n        \n        \n    required\n>\n\n\n    \n    \n<\/div>\n\n\n<div class=\"breakdance-form-field breakdance-form-field--text\" >\n    \n    \n            <label class=\"breakdance-form-field__label\" for=\"email\">\n            Telefon<span class=\"breakdance-form-field__required\">*<\/span>\n        <\/label>\n    \n    <input\n    class=\"breakdance-form-field__input\"\n    id=\"email\"\n    aria-describedby=\"email\"\n    type=\"text\"\n    name=\"fields[email]\"\n    placeholder=\"\"\n    value=\"\"\n                \n        \n        \n    required\n>\n\n\n    \n    \n<\/div>\n\n\n<div class=\"breakdance-form-field breakdance-form-field--email\" >\n    \n    \n            <label class=\"breakdance-form-field__label\" for=\"whnjec\">\n            Email<span class=\"breakdance-form-field__required\">*<\/span>\n        <\/label>\n    \n    <input\n    class=\"breakdance-form-field__input\"\n    id=\"whnjec\"\n    aria-describedby=\"whnjec\"\n    type=\"email\"\n    name=\"fields[whnjec]\"\n    placeholder=\"\"\n    value=\"\"\n                \n        \n        \n    required\n>\n\n\n    \n    \n<\/div>\n\n\n<div class=\"breakdance-form-field breakdance-form-field--textarea\" >\n    \n    \n            <label class=\"breakdance-form-field__label\" for=\"message\">\n            Zpr\u00e1va<span class=\"breakdance-form-field__required\">*<\/span>\n        <\/label>\n    \n    <textarea\n    class=\"breakdance-form-field__input\"\n    id=\"message\"\n    aria-describedby=\"message\"\n    type=\"textarea\"\n    name=\"fields[message]\"\n        placeholder=\"\"\n    required\n>\n<\/textarea>\n\n\n    \n    \n<\/div>\n\n\n  \n\n<div class=\"breakdance-form-field breakdance-form-footer\">\n    \n    \n                                    \n    \n    \n    \n    \n            \n            <button type=\"submit\" class=\"button-atom button-atom--primary breakdance-form-button breakdance-form-button__submit\"  >\n    \n        <span class=\"button-atom__text\">Odeslat<\/span>\n\n        \n        \n            <\/button>\n    \n    <input type=\"hidden\" name=\"form_id\" value=\"134\">\n    <input type=\"hidden\" name=\"post_id\" value=\"231\">\n<\/div>\n\n  \n<input type=\"hidden\" name=\"trp-form-language\" value=\"en\"\/><\/form>\n\n\n\n<\/div><\/div>\n<\/section>","protected":false},"excerpt":{"rendered":"<p>Kompetn\u00ed cen\u00edk P\u0159iprava p\u0159ed malov\u00e1n\u00edm Zakr\u00fdv\u00e1n\u00ed podlah a n\u00e1bytku od 20 K\u010d\/m\u00b2Demont\u00e1\u017e, mont\u00e1\u017e, zakryt\u00ed kryt\u016f z\u00e1suvek, sv\u011btel od 300 K\u010d\/hodSt\u011bhov\u00e1n\u00ed n\u00e1bytku od 350 K\u010d\/hodP\u0159\u00edplatek za pr\u00e1ci ve v\u00fd\u0161k\u00e1ch nad 4 m od 25 K\u010d\/m\u00b2P\u0159\u00edplatek za pr\u00e1ci na schodi\u0161ti od 25 K\u010d\/m\u00b2Akrylov\u00e1n\u00ed od 25 K\u010d\/m\u00b2Zahozen\u00ed \u0161lic\u016f od 75 K\u010d\/m\u00b2\u0160t\u011brkov\u00e1n\u00ed celoplo\u0161n\u00e9&nbsp;od 190 K\u010d\/m\u00b2\u0160t\u011brkov\u00e1n\u00ed lok\u00e1ln\u011b&nbsp;od 120 K\u010d\/m\u00b2Nata\u017een\u00ed lepidla [&hellip;]<\/p>","protected":false},"author":1,"featured_media":0,"parent":0,"menu_order":0,"comment_status":"closed","ping_status":"closed","template":"","meta":{"_breakdance_hide_in_design_set":false,"_breakdance_tags":"","footnotes":""},"class_list":["post-231","page","type-page","status-publish","hentry"],"_links":{"self":[{"href":"https:\/\/www.nemalujto.cz\/en\/wp-json\/wp\/v2\/pages\/231","targetHints":{"allow":["GET"]}}],"collection":[{"href":"https:\/\/www.nemalujto.cz\/en\/wp-json\/wp\/v2\/pages"}],"about":[{"href":"https:\/\/www.nemalujto.cz\/en\/wp-json\/wp\/v2\/types\/page"}],"author":[{"embeddable":true,"href":"https:\/\/www.nemalujto.cz\/en\/wp-json\/wp\/v2\/users\/1"}],"replies":[{"embeddable":true,"href":"https:\/\/www.nemalujto.cz\/en\/wp-json\/wp\/v2\/comments?post=231"}],"version-history":[{"count":104,"href":"https:\/\/www.nemalujto.cz\/en\/wp-json\/wp\/v2\/pages\/231\/revisions"}],"predecessor-version":[{"id":429,"href":"https:\/\/www.nemalujto.cz\/en\/wp-json\/wp\/v2\/pages\/231\/revisions\/429"}],"wp:attachment":[{"href":"https:\/\/www.nemalujto.cz\/en\/wp-json\/wp\/v2\/media?parent=231"}],"curies":[{"name":"wp","href":"https:\/\/api.w.org\/{rel}","templated":true}]}}