{"id":171,"date":"2024-11-12T23:21:48","date_gmt":"2024-11-12T22:21:48","guid":{"rendered":"https:\/\/www.nemalujto.cz\/?page_id=171"},"modified":"2024-11-14T23:13:25","modified_gmt":"2024-11-14T22:13:25","slug":"uklid","status":"publish","type":"page","link":"https:\/\/www.nemalujto.cz\/en\/uklid\/","title":{"rendered":"\u00daklid"},"content":{"rendered":"<section class=\"bde-section-171-100 bde-section\">\n              \n  \n  \n\t\n\n  <div class=\"section-background-overlay\"><\/div>\n\n\n<div class=\"section-container\"><div class=\"bde-columns-171-101 bde-columns\"><div class=\"bde-column-171-102 bde-column\">\n  \n  \n\t\n\n\n\n<h1 class=\"bde-heading-171-103 bde-heading\">\n\u00daklid\n<\/h1><div class=\"bde-rich-text-171-106 bde-rich-text breakdance-rich-text-styles\">\n<h3>V\u00edce na <a target=\"_self\" href=\"https:\/\/www.neuklizejto.cz\/\">Neukl\u00edzejTo<\/a><\/h3><p>Pokud m\u00e1te z\u00e1jem dozv\u011bd\u011bt se v\u00edce o slu\u017eb\u00e1ch a mo\u017enostech \u00faklidu, doporu\u010dujeme nav\u0161t\u00edvit n\u00e1\u0161 <a target=\"_self\" href=\"https:\/\/www.neuklizejto.cz\/\">web<\/a>, kde najdete podrobn\u011bj\u0161\u00ed informace. Str\u00e1nky obsahuj\u00ed \u0161ir\u0161\u00ed nab\u00eddku \u00faklidov\u00fdch slu\u017eeb.<\/p><p><\/p>\n<\/div><div class=\"bde-button-171-105 bde-button\">\n    \n                                    \n    \n    \n    \n    \n            \n                    \n            \n            \n\n    \n    \n    \n    \n    \n    <a class=\"breakdance-link button-atom button-atom--custom bde-button__button\" href=\"https:\/\/www.neuklizejto.cz\/\" target=\"_blank\" data-type=\"url\"  >\n\n    \n        <span class=\"button-atom__text\">P\u0159ej\u00edt na Neukl\u00edzejTo<\/span>\n\n        \n        \n                <\/a>\n\n    \n\n\n<\/div>\n<\/div><\/div><\/div>\n<\/section>","protected":false},"excerpt":{"rendered":"<p>\u00daklid V\u00edce na Neukl\u00edzejToPokud m\u00e1te z\u00e1jem dozv\u011bd\u011bt se v\u00edce o slu\u017eb\u00e1ch a mo\u017enostech \u00faklidu, doporu\u010dujeme nav\u0161t\u00edvit n\u00e1\u0161 web, kde najdete podrobn\u011bj\u0161\u00ed informace. Str\u00e1nky obsahuj\u00ed \u0161ir\u0161\u00ed nab\u00eddku \u00faklidov\u00fdch slu\u017eeb. P\u0159ej\u00edt na Neukl\u00edzejTo<\/p>","protected":false},"author":1,"featured_media":0,"parent":0,"menu_order":0,"comment_status":"closed","ping_status":"closed","template":"","meta":{"_breakdance_hide_in_design_set":false,"_breakdance_tags":"","footnotes":""},"class_list":["post-171","page","type-page","status-publish","hentry"],"_links":{"self":[{"href":"https:\/\/www.nemalujto.cz\/en\/wp-json\/wp\/v2\/pages\/171","targetHints":{"allow":["GET"]}}],"collection":[{"href":"https:\/\/www.nemalujto.cz\/en\/wp-json\/wp\/v2\/pages"}],"about":[{"href":"https:\/\/www.nemalujto.cz\/en\/wp-json\/wp\/v2\/types\/page"}],"author":[{"embeddable":true,"href":"https:\/\/www.nemalujto.cz\/en\/wp-json\/wp\/v2\/users\/1"}],"replies":[{"embeddable":true,"href":"https:\/\/www.nemalujto.cz\/en\/wp-json\/wp\/v2\/comments?post=171"}],"version-history":[{"count":3,"href":"https:\/\/www.nemalujto.cz\/en\/wp-json\/wp\/v2\/pages\/171\/revisions"}],"predecessor-version":[{"id":182,"href":"https:\/\/www.nemalujto.cz\/en\/wp-json\/wp\/v2\/pages\/171\/revisions\/182"}],"wp:attachment":[{"href":"https:\/\/www.nemalujto.cz\/en\/wp-json\/wp\/v2\/media?parent=171"}],"curies":[{"name":"wp","href":"https:\/\/api.w.org\/{rel}","templated":true}]}}