{"id":162,"date":"2024-11-14T23:14:38","date_gmt":"2024-11-14T22:14:38","guid":{"rendered":"https:\/\/www.nemalujto.cz\/?page_id=162"},"modified":"2024-12-18T20:43:21","modified_gmt":"2024-12-18T19:43:21","slug":"malovani","status":"publish","type":"page","link":"https:\/\/www.nemalujto.cz\/en\/malovani\/","title":{"rendered":"Malov\u00e1n\u00ed"},"content":{"rendered":"<section class=\"bde-section-162-100 bde-section\">\n              \n  \n  \n\t\n\n  <div class=\"section-background-overlay\"><\/div>\n\n\n<div class=\"section-container\"><div class=\"bde-columns-162-101 bde-columns\"><div class=\"bde-column-162-102 bde-column\">\n  \n  \n\t\n\n\n\n<h1 class=\"bde-heading-162-103 bde-heading\">\nMalov\u00e1n\u00ed a tapetov\u00e1n\u00ed\n<\/h1><h2 class=\"bde-heading-162-104 bde-heading\">\nPerfektn\u00ed v\u00fdsledek malov\u00e1n\u00ed ka\u017ed\u00e9ho pokoje<br>\n<\/h2><div class=\"bde-button-162-105 bde-button\">\n    \n                                    \n    \n    \n    \n    \n            \n                    \n            \n            \n\n    \n    \n    \n    \n    \n    <a class=\"breakdance-link button-atom button-atom--custom bde-button__button\" href=\"https:\/\/www.nemalujto.cz\/en\/malovani\/#cena\" target=\"_self\" data-type=\"url\"  >\n\n    \n        <span class=\"button-atom__text\">Zjistit cenu<\/span>\n\n        \n        \n                <\/a>\n\n    \n\n\n<\/div>\n<\/div><\/div><\/div>\n<\/section><section class=\"bde-section-162-106 bde-section\">\n  \n  \n\t\n\n\n\n<div class=\"section-container\"><div class=\"bde-text-162-107 bde-text\">\n \n<\/div><\/div>\n<\/section><section class=\"bde-section-162-108 bde-section\">\n  \n  \n\t\n\n\n\n<div class=\"section-container\"><div class=\"bde-rich-text-162-109 bde-rich-text breakdance-rich-text-styles\">\n<p>Chcete, aby v\u00e1\u0161 pokoj z\u00e1\u0159il nov\u00fdmi barvami? N\u00e1\u0161 t\u00fdm profesion\u00e1l\u016f v\u00e1m nab\u00edz\u00ed spolehliv\u00e9 a precizn\u00ed mal\u00ed\u0159sk\u00e9 slu\u017eby, d\u00edky kter\u00fdm v\u00e1\u0161 prostor dostane sv\u011b\u017e\u00ed vzhled p\u0159esn\u011b podle va\u0161ich p\u0159edstav. <\/p><p>Pou\u017e\u00edv\u00e1me kvalitn\u00ed barvy a modern\u00ed techniky, abychom dos\u00e1hli hladk\u00e9ho a dlouhotrvaj\u00edc\u00edho v\u00fdsledku, kter\u00fd dod\u00e1 va\u0161emu interi\u00e9ru nov\u00fd \u017eivot. A\u0165 u\u017e jde o b\u00edlou nebo barvu, jsme tu, abychom v\u00e1\u0161 pokoj prom\u011bnili v kr\u00e1sn\u00e9 a inspirativn\u00ed m\u00edsto!<\/p>\n<\/div><\/div>\n<\/section><section class=\"bde-section-162-110 bde-section\">\n  \n  \n\t\n\n\n\n<div class=\"section-container\"><div class=\"bde-text-162-111 bde-text\">\n \n<\/div><\/div>\n<\/section><section class=\"bde-section-162-112 bde-section\">\n  \n  \n\t\n\n\n\n<div class=\"section-container\"><div class=\"bde-columns-162-113 bde-columns\"><div class=\"bde-column-162-114 bde-column\">\n  \n  \n\t\n\n\n\n<div class=\"bde-icon-list-162-156 bde-icon-list\">\n<ul>\n  \n              \n    <li>\n              <div class='bde-icon-list__item-wrapper'>\n      \n      <span class='bde-icon-list__icon'>\n        <svg xmlns=\"http:\/\/www.w3.org\/2000\/svg\" viewbox=\"0 0 512 512\"><!-- Font Awesome Free 5.15.1 by @fontawesome - https:\/\/fontawesome.com License - https:\/\/fontawesome.com\/license\/free (Icons: CC BY 4.0, Fonts: SIL OFL 1.1, Code: MIT License) --><path d=\"M256,8C119,8,8,119,8,256S119,504,256,504,504,393,504,256,393,8,256,8Zm92.49,313h0l-20,25a16,16,0,0,1-22.49,2.5h0l-67-49.72a40,40,0,0,1-15-31.23V112a16,16,0,0,1,16-16h32a16,16,0,0,1,16,16V256l58,42.5A16,16,0,0,1,348.49,321Z\"\/><\/svg>\n      <\/span>\n      <span class='bde-icon-list__text' >\n      V domluven\u00e9m term\u00ednu.\n      <\/span>\n              <\/div>\n      \n    <\/li>\n\n  \n              \n    <li>\n              <div class='bde-icon-list__item-wrapper'>\n      \n      <span class='bde-icon-list__icon'>\n        <svg xmlns=\"http:\/\/www.w3.org\/2000\/svg\" viewbox=\"0 0 352 512\"><!-- Font Awesome Free 5.15.1 by @fontawesome - https:\/\/fontawesome.com License - https:\/\/fontawesome.com\/license\/free (Icons: CC BY 4.0, Fonts: SIL OFL 1.1, Code: MIT License) --><path d=\"M176 80c-52.94 0-96 43.06-96 96 0 8.84 7.16 16 16 16s16-7.16 16-16c0-35.3 28.72-64 64-64 8.84 0 16-7.16 16-16s-7.16-16-16-16zM96.06 459.17c0 3.15.93 6.22 2.68 8.84l24.51 36.84c2.97 4.46 7.97 7.14 13.32 7.14h78.85c5.36 0 10.36-2.68 13.32-7.14l24.51-36.84c1.74-2.62 2.67-5.7 2.68-8.84l.05-43.18H96.02l.04 43.18zM176 0C73.72 0 0 82.97 0 176c0 44.37 16.45 84.85 43.56 115.78 16.64 18.99 42.74 58.8 52.42 92.16v.06h48v-.12c-.01-4.77-.72-9.51-2.15-14.07-5.59-17.81-22.82-64.77-62.17-109.67-20.54-23.43-31.52-53.15-31.61-84.14-.2-73.64 59.67-128 127.95-128 70.58 0 128 57.42 128 128 0 30.97-11.24 60.85-31.65 84.14-39.11 44.61-56.42 91.47-62.1 109.46a47.507 47.507 0 0 0-2.22 14.3v.1h48v-.05c9.68-33.37 35.78-73.18 52.42-92.16C335.55 260.85 352 220.37 352 176 352 78.8 273.2 0 176 0z\"\/><\/svg>\n      <\/span>\n      <span class='bde-icon-list__text' >\n      Mo\u017enost spojit s gener\u00e1ln\u00edm \u00faklidem.\n      <\/span>\n              <\/div>\n      \n    <\/li>\n\n  \n              \n    <li>\n              <div class='bde-icon-list__item-wrapper'>\n      \n      <span class='bde-icon-list__icon'>\n        <svg xmlns=\"http:\/\/www.w3.org\/2000\/svg\" viewbox=\"0 0 512 512\"><!-- Font Awesome Free 5.15.1 by @fontawesome - https:\/\/fontawesome.com License - https:\/\/fontawesome.com\/license\/free (Icons: CC BY 4.0, Fonts: SIL OFL 1.1, Code: MIT License) --><path d=\"M499.99 176h-59.87l-16.64-41.6C406.38 91.63 365.57 64 319.5 64h-127c-46.06 0-86.88 27.63-103.99 70.4L71.87 176H12.01C4.2 176-1.53 183.34.37 190.91l6 24C7.7 220.25 12.5 224 18.01 224h20.07C24.65 235.73 16 252.78 16 272v48c0 16.12 6.16 30.67 16 41.93V416c0 17.67 14.33 32 32 32h32c17.67 0 32-14.33 32-32v-32h256v32c0 17.67 14.33 32 32 32h32c17.67 0 32-14.33 32-32v-54.07c9.84-11.25 16-25.8 16-41.93v-48c0-19.22-8.65-36.27-22.07-48H494c5.51 0 10.31-3.75 11.64-9.09l6-24c1.89-7.57-3.84-14.91-11.65-14.91zm-352.06-17.83c7.29-18.22 24.94-30.17 44.57-30.17h127c19.63 0 37.28 11.95 44.57 30.17L384 208H128l19.93-49.83zM96 319.8c-19.2 0-32-12.76-32-31.9S76.8 256 96 256s48 28.71 48 47.85-28.8 15.95-48 15.95zm320 0c-19.2 0-48 3.19-48-15.95S396.8 256 416 256s32 12.76 32 31.9-12.8 31.9-32 31.9z\"\/><\/svg>\n      <\/span>\n      <span class='bde-icon-list__text' >\n      Vezeme si ve\u0161ker\u00e9 vybaven\u00ed v\u010detn\u011b \u0161tafl\u00ed.\n      <\/span>\n              <\/div>\n      \n    <\/li>\n\n  \n              \n    <li>\n              <div class='bde-icon-list__item-wrapper'>\n      \n      <span class='bde-icon-list__icon'>\n        <svg xmlns=\"http:\/\/www.w3.org\/2000\/svg\" viewbox=\"0 0 512 512\"><!-- Font Awesome Free 5.15.1 by @fontawesome - https:\/\/fontawesome.com License - https:\/\/fontawesome.com\/license\/free (Icons: CC BY 4.0, Fonts: SIL OFL 1.1, Code: MIT License) --><path d=\"M32 512h448v-64H32v64zm384-256h-66.56c-16.26 0-29.44-13.18-29.44-29.44v-9.46c0-27.37 8.88-53.41 21.46-77.72 9.11-17.61 12.9-38.39 9.05-60.42-6.77-38.78-38.47-70.7-77.26-77.45C212.62-9.04 160 37.33 160 96c0 14.16 3.12 27.54 8.69 39.58C182.02 164.43 192 194.7 192 226.49v.07c0 16.26-13.18 29.44-29.44 29.44H96c-53.02 0-96 42.98-96 96v32c0 17.67 14.33 32 32 32h448c17.67 0 32-14.33 32-32v-32c0-53.02-42.98-96-96-96z\"\/><\/svg>\n      <\/span>\n      <span class='bde-icon-list__text' >\n      Z\u00e1ruka na spokojenost.\n      <\/span>\n              <\/div>\n      \n    <\/li>\n\n  \n              \n    <li>\n              <div class='bde-icon-list__item-wrapper'>\n      \n      <span class='bde-icon-list__icon'>\n        <svg xmlns=\"http:\/\/www.w3.org\/2000\/svg\" viewbox=\"0 0 576 512\"><!-- Font Awesome Free 5.15.1 by @fontawesome - https:\/\/fontawesome.com License - https:\/\/fontawesome.com\/license\/free (Icons: CC BY 4.0, Fonts: SIL OFL 1.1, Code: MIT License) --><path d=\"M576 216v16c0 13.255-10.745 24-24 24h-8l-26.113 182.788C514.509 462.435 494.257 480 470.37 480H105.63c-23.887 0-44.139-17.565-47.518-41.212L32 256h-8c-13.255 0-24-10.745-24-24v-16c0-13.255 10.745-24 24-24h67.341l106.78-146.821c10.395-14.292 30.407-17.453 44.701-7.058 14.293 10.395 17.453 30.408 7.058 44.701L170.477 192h235.046L326.12 82.821c-10.395-14.292-7.234-34.306 7.059-44.701 14.291-10.395 34.306-7.235 44.701 7.058L484.659 192H552c13.255 0 24 10.745 24 24zM312 392V280c0-13.255-10.745-24-24-24s-24 10.745-24 24v112c0 13.255 10.745 24 24 24s24-10.745 24-24zm112 0V280c0-13.255-10.745-24-24-24s-24 10.745-24 24v112c0 13.255 10.745 24 24 24s24-10.745 24-24zm-224 0V280c0-13.255-10.745-24-24-24s-24 10.745-24 24v112c0 13.255 10.745 24 24 24s24-10.745 24-24z\"\/><\/svg>\n      <\/span>\n      <span class='bde-icon-list__text' >\n      Barvu a v\u0161echny laky zajist\u00edme.\n      <\/span>\n              <\/div>\n      \n    <\/li>\n\n  <\/ul>\n\n<\/div>\n<\/div><div class=\"bde-column-162-116 bde-column\">\n  \n  \n\t\n\n\n\n<div class=\"bde-columns-162-117 bde-columns\"><div class=\"bde-column-162-118 bde-column\">\n  \n  \n\t\n\n\n\n<div class=\"bde-div-162-119 bde-div\">\n  \n  \n\t\n\n\n\n<h2 class=\"bde-heading-162-120 bde-heading\">\nProfi vybaven\u00ed\n<\/h2>\n<\/div><div class=\"bde-div-162-121 bde-div\">\n  \n  \n\t\n\n\n\n<div class=\"bde-text-162-122 bde-text\">\nVe\u0161ter\u00e9 vybaven\u00e9 je v na\u0161\u00ed re\u017eii. <br><br>\n<\/div>\n<\/div>\n<\/div><div class=\"bde-column-162-123 bde-column\">\n  \n  \n\t\n\n\n\n<div class=\"bde-div-162-124 bde-div\">\n  \n  \n\t\n\n\n\n<h2 class=\"bde-heading-162-125 bde-heading\">\nN\u00e1\u0161 t\u00fdm\n<\/h2>\n<\/div><div class=\"bde-div-162-126 bde-div\">\n  \n  \n\t\n\n\n\n<div class=\"bde-text-162-127 bde-text\">\nMaluj\u00ed u n\u00e1s zku\u0161en\u00ed \u0159emesln\u00edci.<br>\n<\/div>\n<\/div>\n<\/div><\/div>\n<\/div><\/div><\/div>\n<\/section><section class=\"bde-section-162-128 bde-section\">\n  \n  \n\t\n\n\n\n<div class=\"section-container\"><h3 class=\"bde-heading-162-129 bde-heading\">\n\n<\/h3><\/div>\n<\/section><section class=\"bde-section-162-130 bde-section\">\n  \n  \n\t\n\n\n\n<div class=\"section-container\"><div class=\"bde-columns-162-131 bde-columns\"><div class=\"bde-column-162-132 bde-column\">\n  \n  \n\t\n\n\n\n<div class=\"bde-icon-box-162-133 bde-icon-box\">\n\n    \n            <div class=\"ee-iconbox-icon breakdance-icon-atom\" >\n    \n                    <svg xmlns=\"http:\/\/www.w3.org\/2000\/svg\" viewbox=\"0 0 320 512\"><!-- Font Awesome Free 5.15.1 by @fontawesome - https:\/\/fontawesome.com License - https:\/\/fontawesome.com\/license\/free (Icons: CC BY 4.0, Fonts: SIL OFL 1.1, Code: MIT License) --><path d=\"M302.189 329.126H196.105l55.831 135.993c3.889 9.428-.555 19.999-9.444 23.999l-49.165 21.427c-9.165 4-19.443-.571-23.332-9.714l-53.053-129.136-86.664 89.138C18.729 472.71 0 463.554 0 447.977V18.299C0 1.899 19.921-6.096 30.277 5.443l284.412 292.542c11.472 11.179 3.007 31.141-12.5 31.141z\"\/><\/svg>\n        \n        \n        \n            <\/div>\n    \n\n<div class=\"ee-iconbox-content\">\n      <p class=\"ee-iconbox-title bde-h3\" >Objedn\u00e1vka<\/p>\n        <div class=\"ee-iconbox-text\" >Vyberte slu\u017ebu a term\u00edn a je nutn\u00e9 zaplatit 50 % p\u0159evodem.<\/div>\n    <\/div>\n\n<\/div>\n<\/div><div class=\"bde-column-162-134 bde-column\">\n  \n  \n\t\n\n\n\n<div class=\"bde-icon-box-162-135 bde-icon-box\">\n\n    \n            <div class=\"ee-iconbox-icon breakdance-icon-atom\" >\n    \n                    <svg xmlns=\"http:\/\/www.w3.org\/2000\/svg\" viewbox=\"0 0 448 512\"><!-- Font Awesome Free 5.15.1 by @fontawesome - https:\/\/fontawesome.com License - https:\/\/fontawesome.com\/license\/free (Icons: CC BY 4.0, Fonts: SIL OFL 1.1, Code: MIT License) --><path d=\"M436 160H12c-6.627 0-12-5.373-12-12v-36c0-26.51 21.49-48 48-48h48V12c0-6.627 5.373-12 12-12h40c6.627 0 12 5.373 12 12v52h128V12c0-6.627 5.373-12 12-12h40c6.627 0 12 5.373 12 12v52h48c26.51 0 48 21.49 48 48v36c0 6.627-5.373 12-12 12zM12 192h424c6.627 0 12 5.373 12 12v260c0 26.51-21.49 48-48 48H48c-26.51 0-48-21.49-48-48V204c0-6.627 5.373-12 12-12zm333.296 95.947l-28.169-28.398c-4.667-4.705-12.265-4.736-16.97-.068L194.12 364.665l-45.98-46.352c-4.667-4.705-12.266-4.736-16.971-.068l-28.397 28.17c-4.705 4.667-4.736 12.265-.068 16.97l82.601 83.269c4.667 4.705 12.265 4.736 16.97.068l142.953-141.805c4.705-4.667 4.736-12.265.068-16.97z\"\/><\/svg>\n        \n        \n        \n            <\/div>\n    \n\n<div class=\"ee-iconbox-content\">\n      <p class=\"ee-iconbox-title bde-h3\" >Potvrzen\u00ed term\u00ednu<\/p>\n        <div class=\"ee-iconbox-text\" >Kolegyn\u011b V\u00e1m z\u00e1vazn\u011b potvrd\u00ed term\u00edn.<\/div>\n    <\/div>\n\n<\/div>\n<\/div><div class=\"bde-column-162-136 bde-column\">\n  \n  \n\t\n\n\n\n<div class=\"bde-icon-box-162-137 bde-icon-box\">\n\n    \n            <div class=\"ee-iconbox-icon breakdance-icon-atom\" >\n    \n                    <svg xmlns=\"http:\/\/www.w3.org\/2000\/svg\" viewbox=\"0 0 640 512\"><!-- Font Awesome Free 5.15.1 by @fontawesome - https:\/\/fontawesome.com License - https:\/\/fontawesome.com\/license\/free (Icons: CC BY 4.0, Fonts: SIL OFL 1.1, Code: MIT License) --><path d=\"M256.47 216.77l86.73 109.18s-16.6 102.36-76.57 150.12C206.66 523.85 0 510.19 0 510.19s3.8-23.14 11-55.43l94.62-112.17c3.97-4.7-.87-11.62-6.65-9.5l-60.4 22.09c14.44-41.66 32.72-80.04 54.6-97.47 59.97-47.76 163.3-40.94 163.3-40.94zM636.53 31.03l-19.86-25c-5.49-6.9-15.52-8.05-22.41-2.56l-232.48 177.8-34.14-42.97c-5.09-6.41-15.14-5.21-18.59 2.21l-25.33 54.55 86.73 109.18 58.8-12.45c8-1.69 11.42-11.2 6.34-17.6l-34.09-42.92 232.48-177.8c6.89-5.48 8.04-15.53 2.55-22.44z\"\/><\/svg>\n        \n        \n        \n            <\/div>\n    \n\n<div class=\"ee-iconbox-content\">\n      <p class=\"ee-iconbox-title bde-h3\" >Realizace<\/p>\n        <div class=\"ee-iconbox-text\" >V uveden\u00fd \u010das doraz\u00edme na smluven\u00e9 m\u00edsto.<\/div>\n    <\/div>\n\n<\/div>\n<\/div><div class=\"bde-column-162-138 bde-column\">\n  \n  \n\t\n\n\n\n<div class=\"bde-icon-box-162-139 bde-icon-box\">\n\n    \n            <div class=\"ee-iconbox-icon breakdance-icon-atom\" >\n    \n                    <svg xmlns=\"http:\/\/www.w3.org\/2000\/svg\" viewbox=\"0 0 384 512\"><!-- Font Awesome Free 5.15.1 by @fontawesome - https:\/\/fontawesome.com License - https:\/\/fontawesome.com\/license\/free (Icons: CC BY 4.0, Fonts: SIL OFL 1.1, Code: MIT License) --><path d=\"M358.4 3.2L320 48 265.6 3.2a15.9 15.9 0 0 0-19.2 0L192 48 137.6 3.2a15.9 15.9 0 0 0-19.2 0L64 48 25.6 3.2C15-4.7 0 2.8 0 16v480c0 13.2 15 20.7 25.6 12.8L64 464l54.4 44.8a15.9 15.9 0 0 0 19.2 0L192 464l54.4 44.8a15.9 15.9 0 0 0 19.2 0L320 464l38.4 44.8c10.5 7.9 25.6.4 25.6-12.8V16c0-13.2-15-20.7-25.6-12.8zM320 360c0 4.4-3.6 8-8 8H72c-4.4 0-8-3.6-8-8v-16c0-4.4 3.6-8 8-8h240c4.4 0 8 3.6 8 8v16zm0-96c0 4.4-3.6 8-8 8H72c-4.4 0-8-3.6-8-8v-16c0-4.4 3.6-8 8-8h240c4.4 0 8 3.6 8 8v16zm0-96c0 4.4-3.6 8-8 8H72c-4.4 0-8-3.6-8-8v-16c0-4.4 3.6-8 8-8h240c4.4 0 8 3.6 8 8v16z\"\/><\/svg>\n        \n        \n        \n            <\/div>\n    \n\n<div class=\"ee-iconbox-content\">\n      <p class=\"ee-iconbox-title bde-h3\" >V\u00fdu\u010dtov\u00e1n\u00ed<\/p>\n        <div class=\"ee-iconbox-text\" >Podle re\u00e1ln\u011b odpracovan\u00e9ho \u010dasu a slu\u017eeb se provede z\u00fa\u010dtov\u00e1n\u00ed.<\/div>\n    <\/div>\n\n<\/div>\n<\/div><\/div><\/div>\n<\/section><section class=\"bde-section-162-140 bde-section\">\n  \n  \n\t\n\n\n\n<div class=\"section-container\"><h3 class=\"bde-heading-162-141 bde-heading\">\n\n<\/h3><div id=\"cena\" class=\"bde-div-162-142 bde-div\">\n              \n  \n  \n\t\n\n  <div class=\"section-background-overlay\"><\/div>\n\n\n<div class=\"bde-text-162-143 bde-text\">\nCena slu\u017eeb:\n<\/div>\n<\/div><\/div>\n<\/section><section class=\"bde-section-162-144 bde-section\">\n  \n  \n\t\n\n\n\n        <div class=\"section-shape-divider-wrapper section-shape-divider-wrapper--1\">\n          <span class=\"section-shape-divider\">\n                      <svg\n                xmlns=\"http:\/\/www.w3.org\/2000\/svg\"\n                viewbox=\"0 0 1440 320\"\n                preserveaspectratio=\"none\"\n            >\n              <path fill=\"currentColor\" fill-opacity=\"1\" d=\"M0,128L720,288L1440,64L1440,320L720,320L0,320Z\"><\/path>\n            <\/svg>\n                    <\/span>\n      <\/div>\n  <div class=\"section-container\"><div class=\"bde-rich-text-162-155 bde-rich-text breakdance-rich-text-styles\">\n<p><strong>Malov\u00e1n\u00ed<\/strong><\/p>\n<p>Omyt\u00ed st\u011bn + penetrace + 1 n\u00e1t\u011br od 61 K\u010d\/m2<\/p>\n<p>Omyt\u00ed st\u011bn + penetrace + 1 n\u00e1t\u011br barevn\u00e1 barva od 69 K\u010d\/m2<\/p>\n<p>Dal\u0161\u00ed n\u00e1t\u011br od 28 K\u010d\/m2<\/p>\n<p>Izolace zate\u010den\u00fdch skvrn od 220 K\u010d\/m2<\/p>\n<p>Izolace nikotinov\u00fdch skvrn od 220 K\u010d\/m2<\/p>\n<p>Aplikace Sava na vyb\u011bl\u011bn\u00ed flek\u016f od 55 K\u010d\/m2<\/p>\n<p>\u00a0<\/p>\n<p><strong>Tapety<\/strong><\/p>\n<p>Aplikace (lepen\u00ed) pap\u00edrov\u00fdch tapet \u2013 od 60 K\u010d\/m2<\/p>\n<p>Aplikace vinylov\u00fdch tapet, vliesov\u00fdch tapet, dekora\u010dn\u00edch tapet \u2013 od 150 K\u010d\/m2<\/p>\n<p>\u00a0<\/p>\n<\/div><div class=\"bde-button-162-145 bde-button\">\n    \n                                    \n    \n    \n    \n    \n            \n                    \n            \n            \n\n    \n    \n    \n    \n    \n    <a class=\"breakdance-link button-atom button-atom--custom bde-button__button\" href=\"https:\/\/www.neuklizejto.cz\/objednavka\/\" target=\"_self\" data-type=\"url\"  >\n\n    \n        <span class=\"button-atom__text\">V\u0161echny slu\u017eby pro V\u00e1\u0161 prostor najdete zde.<\/span>\n\n        \n        \n                <\/a>\n\n    \n\n\n<\/div><\/div>\n<\/section><section class=\"bde-section-162-146 bde-section\">\n  \n  \n\t\n\n\n\n<div class=\"section-container\"><div class=\"bde-columns-162-147 bde-columns\"><div class=\"bde-column-162-148 bde-column\">\n  \n  \n\t\n\n\n\n<div class=\"bde-image-162-149 bde-image\">\n<figure class=\"breakdance-image breakdance-image--18\">\n\t<div class=\"breakdance-image-container\">\n\t\t<div class=\"breakdance-image-clip\"><img loading=\"lazy\" decoding=\"async\" class=\"breakdance-image-object\" src=\"https:\/\/www.nemalujto.cz\/wp-content\/uploads\/2024\/11\/Datovy-zdroj-5-221x300.png\" width=\"221\" height=\"300\" srcset=\"https:\/\/www.nemalujto.cz\/wp-content\/uploads\/2024\/11\/Datovy-zdroj-5.png 297w, https:\/\/www.nemalujto.cz\/wp-content\/uploads\/2024\/11\/Datovy-zdroj-5-221x300.png 221w\" sizes=\"auto, (max-width: 297px) 100vw, 297px\"><\/div>\n\t<\/div><\/figure>\n\n<\/div>\n<\/div><div class=\"bde-column-162-150 bde-column\">\n  \n  \n\t\n\n\n\n<h3 class=\"bde-heading-162-151 bde-heading\">\nDomluvte si term\u00edn u\u017e dnes.\n<\/h3><div class=\"bde-text-162-152 bde-text\">\nObjedn\u00e1vajte na webu nebo na telefonn\u00edm \u010d\u00edsle:\n<\/div><div class=\"bde-icon-list-162-153 bde-icon-list\">\n<ul>\n  \n              \n    <li>\n              <div class='bde-icon-list__item-wrapper'>\n      \n      <span class='bde-icon-list__icon'>\n        <svg xmlns=\"http:\/\/www.w3.org\/2000\/svg\" viewbox=\"0 0 512 512\"><!-- Font Awesome Free 5.15.1 by @fontawesome - https:\/\/fontawesome.com License - https:\/\/fontawesome.com\/license\/free (Icons: CC BY 4.0, Fonts: SIL OFL 1.1, Code: MIT License) --><path d=\"M497.39 361.8l-112-48a24 24 0 0 0-28 6.9l-49.6 60.6A370.66 370.66 0 0 1 130.6 204.11l60.6-49.6a23.94 23.94 0 0 0 6.9-28l-48-112A24.16 24.16 0 0 0 122.6.61l-104 24A24 24 0 0 0 0 48c0 256.5 207.9 464 464 464a24 24 0 0 0 23.4-18.6l24-104a24.29 24.29 0 0 0-14.01-27.6z\"\/><\/svg>\n      <\/span>\n      <span class='bde-icon-list__text' >\n      +420 770 680 086\n      <\/span>\n              <\/div>\n      \n    <\/li>\n\n  <\/ul>\n\n<\/div>\n<\/div><\/div><\/div>\n<\/section>","protected":false},"excerpt":{"rendered":"<p>Malov\u00e1n\u00ed a tapetov\u00e1n\u00ed Perfektn\u00ed v\u00fdsledek malov\u00e1n\u00ed ka\u017ed\u00e9ho pokoje Zjistit cenu Chcete, aby v\u00e1\u0161 pokoj z\u00e1\u0159il nov\u00fdmi barvami? N\u00e1\u0161 t\u00fdm profesion\u00e1l\u016f v\u00e1m nab\u00edz\u00ed spolehliv\u00e9 a precizn\u00ed mal\u00ed\u0159sk\u00e9 slu\u017eby, d\u00edky kter\u00fdm v\u00e1\u0161 prostor dostane sv\u011b\u017e\u00ed vzhled p\u0159esn\u011b podle va\u0161ich p\u0159edstav. Pou\u017e\u00edv\u00e1me kvalitn\u00ed barvy a modern\u00ed techniky, abychom dos\u00e1hli hladk\u00e9ho a dlouhotrvaj\u00edc\u00edho v\u00fdsledku, kter\u00fd dod\u00e1 va\u0161emu interi\u00e9ru nov\u00fd [&hellip;]<\/p>","protected":false},"author":1,"featured_media":0,"parent":0,"menu_order":0,"comment_status":"closed","ping_status":"closed","template":"","meta":{"_breakdance_hide_in_design_set":false,"_breakdance_tags":"","footnotes":""},"class_list":["post-162","page","type-page","status-publish","hentry"],"_links":{"self":[{"href":"https:\/\/www.nemalujto.cz\/en\/wp-json\/wp\/v2\/pages\/162","targetHints":{"allow":["GET"]}}],"collection":[{"href":"https:\/\/www.nemalujto.cz\/en\/wp-json\/wp\/v2\/pages"}],"about":[{"href":"https:\/\/www.nemalujto.cz\/en\/wp-json\/wp\/v2\/types\/page"}],"author":[{"embeddable":true,"href":"https:\/\/www.nemalujto.cz\/en\/wp-json\/wp\/v2\/users\/1"}],"replies":[{"embeddable":true,"href":"https:\/\/www.nemalujto.cz\/en\/wp-json\/wp\/v2\/comments?post=162"}],"version-history":[{"count":17,"href":"https:\/\/www.nemalujto.cz\/en\/wp-json\/wp\/v2\/pages\/162\/revisions"}],"predecessor-version":[{"id":436,"href":"https:\/\/www.nemalujto.cz\/en\/wp-json\/wp\/v2\/pages\/162\/revisions\/436"}],"wp:attachment":[{"href":"https:\/\/www.nemalujto.cz\/en\/wp-json\/wp\/v2\/media?parent=162"}],"curies":[{"name":"wp","href":"https:\/\/api.w.org\/{rel}","templated":true}]}}