{"id":14,"date":"2024-11-10T19:34:26","date_gmt":"2024-11-10T18:34:26","guid":{"rendered":"https:\/\/www.nemalujto.cz\/?page_id=14"},"modified":"2024-11-24T23:50:16","modified_gmt":"2024-11-24T22:50:16","slug":"uvod","status":"publish","type":"page","link":"https:\/\/www.nemalujto.cz\/en\/","title":{"rendered":"uvod"},"content":{"rendered":"<section class=\"bde-section-14-100 bde-section\">\n              \n  \n  \n\t\n\n  <div class=\"section-background-overlay\"><\/div>\n\n\n<div class=\"section-container\"><h1 class=\"bde-heading-14-101 bde-heading\">\nMal\u00ed\u0159sk\u00e9 a lak\u00fdrnick\u00e9 slu\u017eby\n<\/h1><div class=\"bde-text-14-102 bde-text\">\nP\u0159in\u00e1\u0161\u00edme V\u00e1m sv\u011b\u017e\u00ed pohled na nov\u011b vymalovan\u00e9 st\u011bny, \u00fatuln\u00fd domov pln\u00fd barevn\u00e9 harmonie a klidn\u00e9 chv\u00edle v prost\u0159ed\u00ed, kter\u00e9 z\u00e1\u0159\u00ed \u010distotou a vkusem. S na\u0161imi slu\u017ebami bude ka\u017ed\u00fd prostor odr\u00e1\u017eet V\u00e1\u0161 osobn\u00ed styl a p\u0159in\u00e1\u0161et radost a pohodu do ka\u017edodenn\u00edho \u017eivota.\n<\/div><\/div>\n<\/section><section class=\"bde-section-14-103 bde-section\">\n  \n  \n\t\n\n\n\n<div class=\"section-container\"><div class=\"bde-columns-14-104 bde-columns\"><div class=\"bde-column-14-105 bde-column\">\n  \n  \n\t\n\n\n\n<div class=\"bde-columns-14-106 bde-columns\"><div class=\"bde-column-14-107 bde-column\">\n  \n  \n\t\n\n\n\n<div class=\"bde-div-14-108 bde-div\">\n  \n  \n\t\n\n\n\n<h2 class=\"bde-heading-14-109 bde-heading\">\nProfi vybaven\u00ed\n<\/h2>\n<\/div><div class=\"bde-div-14-110 bde-div\">\n  \n  \n\t\n\n\n\n<div class=\"bde-text-14-111 bde-text\">\nV\u011b\u0159\u00edme, \u017ee profi vybaven\u00edm a kvalitn\u00ed barvy n\u00e1m usnad\u0148uj\u00ed pr\u00e1ci.\n<\/div>\n<\/div>\n<\/div><div class=\"bde-column-14-112 bde-column\">\n  \n  \n\t\n\n\n\n<div class=\"bde-div-14-113 bde-div\">\n  \n  \n\t\n\n\n\n<h2 class=\"bde-heading-14-114 bde-heading\">\nKvalita\n<\/h2>\n<\/div><div class=\"bde-div-14-115 bde-div\">\n  \n  \n\t\n\n\n\n<div class=\"bde-text-14-116 bde-text\">\nPracujeme na tom, aby byla na\u0161e pr\u00e1ce kvalitn\u011bj\u0161\u00ed a vych\u00e1zela vst\u0159\u00edc Va\u0161im po\u017eadavk\u016fm a pot\u0159eb\u00e1m. <br>\n<\/div>\n<\/div>\n<\/div><\/div><div class=\"bde-columns-14-117 bde-columns\"><div class=\"bde-column-14-118 bde-column\">\n  \n  \n\t\n\n\n\n<div class=\"bde-div-14-119 bde-div\">\n  \n  \n\t\n\n\n\n<h2 class=\"bde-heading-14-120 bde-heading\">\nN\u00e1\u0161 t\u00fdm\n<\/h2>\n<\/div><div class=\"bde-div-14-121 bde-div\">\n  \n  \n\t\n\n\n\n<div class=\"bde-text-14-122 bde-text\">\nMaluj\u00ed u n\u00e1s zku\u0161en\u00ed \u0159emesln\u00edci.<br>P\u0159ij\u00edm\u00e1me lidi bez ohledu na rasu, pohlav\u00ed, gender nebo n\u00e1rodnost.\n<\/div>\n<\/div>\n<\/div><div class=\"bde-column-14-123 bde-column\">\n  \n  \n\t\n\n\n\n<div class=\"bde-div-14-124 bde-div\">\n  \n  \n\t\n\n\n\n<h2 class=\"bde-heading-14-125 bde-heading\">\nPlatba\n<\/h2>\n<\/div><div class=\"bde-div-14-126 bde-div\">\n  \n  \n\t\n\n\n\n<div class=\"bde-text-14-127 bde-text\">\nPro z\u00e1vaznou rezervaci term\u00ednu malov\u00e1n\u00ed pros\u00edme o platbu ve v\u00fd\u0161i 50 %. \n<\/div>\n<\/div>\n<\/div><\/div>\n<\/div><div class=\"bde-column-14-128 bde-column\">\n  \n  \n\t\n\n\n\n<div class=\"bde-image-14-129 bde-image\">\n<figure class=\"breakdance-image breakdance-image--19\">\n\t<div class=\"breakdance-image-container\">\n\t\t<div class=\"breakdance-image-clip\"><img decoding=\"async\" class=\"breakdance-image-object\" src=\"https:\/\/www.nemalujto.cz\/wp-content\/uploads\/2024\/11\/Datovy-zdroj-6.png\" width=\"429\" height=\"588\" srcset=\"https:\/\/www.nemalujto.cz\/wp-content\/uploads\/2024\/11\/Datovy-zdroj-6.png 429w, https:\/\/www.nemalujto.cz\/wp-content\/uploads\/2024\/11\/Datovy-zdroj-6-219x300.png 219w\" sizes=\"auto, (max-width: 429px) 100vw, 429px\" loading=\"lazy\"><\/div>\n\t<\/div><\/figure>\n\n<\/div><div class=\"bde-image-14-130 bde-image\">\n<figure class=\"breakdance-image breakdance-image--18\">\n\t<div class=\"breakdance-image-container\">\n\t\t<div class=\"breakdance-image-clip\"><img decoding=\"async\" class=\"breakdance-image-object\" src=\"https:\/\/www.nemalujto.cz\/wp-content\/uploads\/2024\/11\/Datovy-zdroj-5.png\" width=\"297\" height=\"404\" srcset=\"https:\/\/www.nemalujto.cz\/wp-content\/uploads\/2024\/11\/Datovy-zdroj-5.png 297w, https:\/\/www.nemalujto.cz\/wp-content\/uploads\/2024\/11\/Datovy-zdroj-5-221x300.png 221w\" sizes=\"auto, (max-width: 297px) 100vw, 297px\" loading=\"lazy\"><\/div>\n\t<\/div><\/figure>\n\n<\/div>\n<\/div><\/div><\/div>\n<\/section><section class=\"bde-section-14-522 bde-section\">\n  \n  \n\t\n\n\n\n<div class=\"section-container\"><div class=\"bde-text-14-523 bde-text\">\n\n<\/div><\/div>\n<\/section><section class=\"bde-section-14-133 bde-section\">\n  \n  \n\t\n\n\n\n<div class=\"section-container\"><div class=\"bde-simple-testimonial-14-134 bde-simple-testimonial\">\n\n\n\n    \n        \n\n\n\n    <div class='simple-testimonial__quote'>\n        <blockquote >\n            Ud\u011blejte si o v\u00edkendu rad\u011bji \u010das na sv\u00e9 obl\u00edben\u00e9 aktivity a u\u017eijte si pohodu, zat\u00edmco se o malov\u00e1n\u00ed postar\u00e1me my. Nechte \u0161tafle a \u0161t\u011btce na n\u00e1s a v\u011bnujte se tomu, co m\u00e1te r\u00e1di \u2013 my V\u00e1m mezit\u00edm vykouzl\u00edme sv\u011b\u017e\u00ed a kr\u00e1sn\u00e9 prost\u0159ed\u00ed, kde se budete c\u00edtit jako doma.<br>Prost\u011b, nemalujto.\n        <\/blockquote>\n\n        \n            \n            \n            \n            \n                                <svg class='simple-testimonial__quote-mark left-icon' xmlns=\"http:\/\/www.w3.org\/2000\/svg\" viewbox=\"0 0 200 200\">\n        <path d=\"M198 12h-71.794v85.606L168.527 187l27.206-13.636-37.031-89.394H198V12ZM71.794 12H0v85.606L42.32 187l27.962-13.636L32.496 83.97h39.298V12Z\" fill=\"currentColor\"\/>\n    <\/svg>\n    <svg class='simple-testimonial__quote-mark right-icon' xmlns=\"http:\/\/www.w3.org\/2000\/svg\" viewbox=\"0 0 200 200\">\n        <path d=\"M198 12h-71.794v85.606L168.527 187l27.206-13.636-37.031-89.394H198V12ZM71.794 12H0v85.606L42.32 187l27.962-13.636L32.496 83.97h39.298V12Z\" fill=\"currentColor\"\/>\n    <\/svg>\n\n            \n        \n    <\/div>\n\n\n\n\n\n\n<\/div><\/div>\n<\/section><section class=\"bde-section-14-131 bde-section\">\n  \n  \n\t\n\n\n\n<div class=\"section-container\"><div class=\"bde-text-14-517 bde-text\">\n\n<\/div><\/div>\n<\/section><section class=\"bde-section-14-392 bde-section\">\n  \n  \n\t\n\n\n\n<div class=\"section-container\"><div class=\"bde-div-14-393 bde-div\">\n              \n  \n  \n\t\n\n  <div class=\"section-background-overlay\"><\/div>\n\n\n<h1 class=\"bde-heading-14-394 bde-heading\">\nUM\u00cdME\n<\/h1>\n<\/div><div class=\"bde-columns-14-395 bde-columns\"><div class=\"bde-column-14-396 bde-column\">\n  \n  \n\t\n\n\n\n<div class=\"bde-image-14-397 bde-image\">\n<figure class=\"breakdance-image breakdance-image--203\">\n\t<div class=\"breakdance-image-container\">\n\t\t<div class=\"breakdance-image-clip\"><a class=\"breakdance-image-link breakdance-image-link--url\" href=\"https:\/\/www.nemalujto.cz\/en\/priprava-podkladu-pred-malovanim\/\" target=\"_self\" rel=\"noopener\" data-sub-html=\"\" data-lg-size=\"-\"><img decoding=\"async\" class=\"breakdance-image-object\" src=\"https:\/\/www.nemalujto.cz\/wp-content\/uploads\/2024\/11\/zdi_opadane_mal_k.png\" width=\"750\" height=\"551\" srcset=\"https:\/\/www.nemalujto.cz\/wp-content\/uploads\/2024\/11\/zdi_opadane_mal_k.png 750w, https:\/\/www.nemalujto.cz\/wp-content\/uploads\/2024\/11\/zdi_opadane_mal_k-300x220.png 300w, https:\/\/www.nemalujto.cz\/wp-content\/uploads\/2024\/11\/zdi_opadane_mal_k-16x12.png 16w\" sizes=\"auto, (max-width: 750px) 100vw, 750px\" loading=\"lazy\"><\/a><\/div>\n\t<\/div><\/figure>\n\n<\/div><div class=\"bde-div-14-398 bde-div\">\n              \n  \n  \n\t\n\n  <div class=\"section-background-overlay\"><\/div>\n\n\n<h2 class=\"bde-heading-14-399 bde-heading\">\n\u00daPRAVA PODKLAD\u016e\n<\/h2><div class=\"bde-text-14-400 bde-text\">\nOdstra\u0148ov\u00e1n\u00ed tapet, lepidlo, perlinka, \u0161tukov\u00e1n\u00ed, st\u011brkov\u00e1n\u00ed, tmelen\u00ed atd.\n<\/div><div class=\"bde-columns-14-401 bde-columns\"><div class=\"bde-column-14-402 bde-column\">\n  \n  \n\t\n\n\n\n<div class=\"bde-text-14-403 bde-text\">\n\n<\/div>\n<\/div><div class=\"bde-column-14-404 bde-column\">\n  \n  \n\t\n\n\n\n<div class=\"bde-button-14-405 bde-button\">\n    \n                                    \n    \n    \n    \n    \n            \n                    \n            \n            \n\n    \n    \n    \n    \n    \n    <a class=\"breakdance-link button-atom button-atom--custom bde-button__button\" href=\"https:\/\/www.nemalujto.cz\/en\/priprava-podkladu-pred-malovanim\/\" target=\"_self\" data-type=\"url\"  >\n\n    \n        <span class=\"button-atom__text\">V\u00edce informac\u00ed<\/span>\n\n        \n        \n                <\/a>\n\n    \n\n\n<\/div>\n<\/div><\/div>\n<\/div>\n<\/div><div class=\"bde-column-14-406 bde-column\">\n  \n  \n\t\n\n\n\n<div class=\"bde-image-14-428 bde-image\">\n<figure class=\"breakdance-image breakdance-image--188\">\n\t<div class=\"breakdance-image-container\">\n\t\t<div class=\"breakdance-image-clip\"><a class=\"breakdance-image-link breakdance-image-link--url\" href=\"https:\/\/www.nemalujto.cz\/en\/malovani\/\" target=\"_self\" rel=\"noopener\" data-sub-html=\"\" data-lg-size=\"-\"><img decoding=\"async\" class=\"breakdance-image-object\" src=\"https:\/\/www.nemalujto.cz\/wp-content\/uploads\/2024\/11\/malovani_fin_obd@05x.jpg\" width=\"512\" height=\"347\" srcset=\"https:\/\/www.nemalujto.cz\/wp-content\/uploads\/2024\/11\/malovani_fin_obd@05x.jpg 512w, https:\/\/www.nemalujto.cz\/wp-content\/uploads\/2024\/11\/malovani_fin_obd@05x-300x203.jpg 300w, https:\/\/www.nemalujto.cz\/wp-content\/uploads\/2024\/11\/malovani_fin_obd@05x-18x12.jpg 18w\" sizes=\"auto, (max-width: 512px) 100vw, 512px\" loading=\"lazy\"><\/a><\/div>\n\t<\/div><\/figure>\n\n<\/div><div class=\"bde-div-14-408 bde-div\">\n              \n  \n  \n\t\n\n  <div class=\"section-background-overlay\"><\/div>\n\n\n<h2 class=\"bde-heading-14-409 bde-heading\">\nMALOV\u00c1N\u00cd A TAPETOV\u00c1N\u00cd\n<\/h2><div class=\"bde-text-14-410 bde-text\">\nMalov\u00e1n\u00ed b\u00edle i barevn\u011b.\u00a0\n<\/div><div class=\"bde-columns-14-411 bde-columns\"><div class=\"bde-column-14-412 bde-column\">\n  \n  \n\t\n\n\n\n<div class=\"bde-text-14-413 bde-text\">\n\n<\/div>\n<\/div><div class=\"bde-column-14-414 bde-column\">\n  \n  \n\t\n\n\n\n<div class=\"bde-button-14-415 bde-button\">\n    \n                                    \n    \n    \n    \n    \n            \n                    \n            \n            \n\n    \n    \n    \n    \n    \n    <a class=\"breakdance-link button-atom button-atom--custom bde-button__button\" href=\"https:\/\/www.nemalujto.cz\/en\/malovani\/\" target=\"_self\" data-type=\"url\"  >\n\n    \n        <span class=\"button-atom__text\">V\u00edce informac\u00ed<\/span>\n\n        \n        \n                <\/a>\n\n    \n\n\n<\/div>\n<\/div><\/div>\n<\/div>\n<\/div><\/div><div class=\"bde-columns-14-416 bde-columns\"><div class=\"bde-column-14-417 bde-column\">\n  \n  \n\t\n\n\n\n<div class=\"bde-image-14-418 bde-image\">\n<figure class=\"breakdance-image breakdance-image--177\">\n\t<div class=\"breakdance-image-container\">\n\t\t<div class=\"breakdance-image-clip\"><a class=\"breakdance-image-link breakdance-image-link--url\" href=\"https:\/\/www.nemalujto.cz\/en\/lakyrnicke-sluzby\/\" target=\"_self\" rel=\"noopener\" data-sub-html=\"\" data-lg-size=\"-\"><img decoding=\"async\" class=\"breakdance-image-object\" src=\"https:\/\/www.nemalujto.cz\/wp-content\/uploads\/2024\/11\/lakovani_photo_male_k.png\" width=\"500\" height=\"315\" srcset=\"https:\/\/www.nemalujto.cz\/wp-content\/uploads\/2024\/11\/lakovani_photo_male_k.png 500w, https:\/\/www.nemalujto.cz\/wp-content\/uploads\/2024\/11\/lakovani_photo_male_k-300x189.png 300w, https:\/\/www.nemalujto.cz\/wp-content\/uploads\/2024\/11\/lakovani_photo_male_k-18x12.png 18w\" sizes=\"auto, (max-width: 500px) 100vw, 500px\" loading=\"lazy\"><\/a><\/div>\n\t<\/div><\/figure>\n\n<\/div><div class=\"bde-div-14-419 bde-div\">\n              \n  \n  \n\t\n\n  <div class=\"section-background-overlay\"><\/div>\n\n\n<h2 class=\"bde-heading-14-420 bde-heading\">\nLAK\u00ddRN\u00cdCK\u00c9 SLU\u017dBY\n<\/h2><div class=\"bde-text-14-421 bde-text\">\nLakov\u00e1n\u00ed dve\u0159\u00ed, z\u00e1rubn\u00ed.\n<\/div><div class=\"bde-columns-14-422 bde-columns\"><div class=\"bde-column-14-423 bde-column\">\n  \n  \n\t\n\n\n\n<div class=\"bde-text-14-424 bde-text\">\n\n<\/div>\n<\/div><div class=\"bde-column-14-425 bde-column\">\n  \n  \n\t\n\n\n\n<div class=\"bde-button-14-426 bde-button\">\n    \n                                    \n    \n    \n    \n    \n            \n                    \n            \n            \n\n    \n    \n    \n    \n    \n    <a class=\"breakdance-link button-atom button-atom--custom bde-button__button\" href=\"https:\/\/www.nemalujto.cz\/en\/lakyrnicke-sluzby\/\" target=\"_self\" data-type=\"url\"  >\n\n    \n        <span class=\"button-atom__text\">V\u00edce informac\u00ed<\/span>\n\n        \n        \n                <\/a>\n\n    \n\n\n<\/div>\n<\/div><\/div>\n<\/div>\n<\/div><div class=\"bde-column-14-546 bde-column\">\n  \n  \n\t\n\n\n\n<div class=\"bde-image-14-547 bde-image\">\n<figure class=\"breakdance-image breakdance-image--259\">\n\t<div class=\"breakdance-image-container\">\n\t\t<div class=\"breakdance-image-clip\"><a class=\"breakdance-image-link breakdance-image-link--url\" href=\"https:\/\/www.nemalujto.cz\/en\/hodinovy-manzel\/\" target=\"_self\" rel=\"noopener\" data-sub-html=\"\" data-lg-size=\"-\"><img decoding=\"async\" class=\"breakdance-image-object\" src=\"https:\/\/www.nemalujto.cz\/wp-content\/uploads\/2024\/11\/hodinovy_manzel_praha.jpg\" width=\"498\" height=\"355\" srcset=\"https:\/\/www.nemalujto.cz\/wp-content\/uploads\/2024\/11\/hodinovy_manzel_praha.jpg 498w, https:\/\/www.nemalujto.cz\/wp-content\/uploads\/2024\/11\/hodinovy_manzel_praha-300x214.jpg 300w, https:\/\/www.nemalujto.cz\/wp-content\/uploads\/2024\/11\/hodinovy_manzel_praha-18x12.jpg 18w\" sizes=\"auto, (max-width: 498px) 100vw, 498px\" loading=\"lazy\"><\/a><\/div>\n\t<\/div><\/figure>\n\n<\/div><div class=\"bde-div-14-548 bde-div\">\n              \n  \n  \n\t\n\n  <div class=\"section-background-overlay\"><\/div>\n\n\n<h2 class=\"bde-heading-14-549 bde-heading\">\nHODINOV\u00dd MAN\u017dEL\n<\/h2><div class=\"bde-text-14-550 bde-text\">\nDrobn\u00e9 \u00fadr\u017eb\u00e1\u0159sk\u00e9 pr\u00e1ce.\n<\/div><div class=\"bde-columns-14-551 bde-columns\"><div class=\"bde-column-14-552 bde-column\">\n  \n  \n\t\n\n\n\n<div class=\"bde-text-14-553 bde-text\">\n\n<\/div>\n<\/div><div class=\"bde-column-14-554 bde-column\">\n  \n  \n\t\n\n\n\n<div class=\"bde-button-14-555 bde-button\">\n    \n                                    \n    \n    \n    \n    \n            \n                    \n            \n            \n\n    \n    \n    \n    \n    \n    <a class=\"breakdance-link button-atom button-atom--custom bde-button__button\" href=\"https:\/\/www.nemalujto.cz\/en\/hodinovy-manzel\/\" target=\"_self\" data-type=\"url\"  >\n\n    \n        <span class=\"button-atom__text\">V\u00edce informac\u00ed<\/span>\n\n        \n        \n                <\/a>\n\n    \n\n\n<\/div>\n<\/div><\/div>\n<\/div>\n<\/div><\/div><div class=\"bde-columns-14-545 bde-columns\"><div class=\"bde-column-14-566 bde-column\">\n  \n  \n\t\n\n\n\n<div class=\"bde-image-14-567 bde-image\">\n<figure class=\"breakdance-image breakdance-image--273\">\n\t<div class=\"breakdance-image-container\">\n\t\t<div class=\"breakdance-image-clip\"><a class=\"breakdance-image-link breakdance-image-link--url\" href=\"https:\/\/www.nemalujto.cz\/en\/podlaharske-prace\/\" target=\"_self\" rel=\"noopener\" data-sub-html=\"\" data-lg-size=\"-\"><img decoding=\"async\" class=\"breakdance-image-object\" src=\"https:\/\/www.nemalujto.cz\/wp-content\/uploads\/2024\/11\/brouseni@praha.jpg\" width=\"512\" height=\"355\" srcset=\"https:\/\/www.nemalujto.cz\/wp-content\/uploads\/2024\/11\/brouseni@praha.jpg 512w, https:\/\/www.nemalujto.cz\/wp-content\/uploads\/2024\/11\/brouseni@praha-300x208.jpg 300w, https:\/\/www.nemalujto.cz\/wp-content\/uploads\/2024\/11\/brouseni@praha-18x12.jpg 18w\" sizes=\"auto, (max-width: 512px) 100vw, 512px\" loading=\"lazy\"><\/a><\/div>\n\t<\/div><\/figure>\n\n<\/div><div class=\"bde-div-14-568 bde-div\">\n              \n  \n  \n\t\n\n  <div class=\"section-background-overlay\"><\/div>\n\n\n<h2 class=\"bde-heading-14-569 bde-heading\">\nPODLAH\u00c1\u0158SK\u00c9 PR\u00c1CE\n<\/h2><div class=\"bde-text-14-570 bde-text\">\nPokl\u00e1d\u00e1me lamin\u00e1tov\u00e9 a lepen\u00e9 vinilov\u00e9 podlahy, brou\u0161en\u00ed podlah.\n<\/div><div class=\"bde-columns-14-571 bde-columns\"><div class=\"bde-column-14-572 bde-column\">\n  \n  \n\t\n\n\n\n<div class=\"bde-text-14-573 bde-text\">\n\n<\/div>\n<\/div><div class=\"bde-column-14-574 bde-column\">\n  \n  \n\t\n\n\n\n<div class=\"bde-button-14-575 bde-button\">\n    \n                                    \n    \n    \n    \n    \n            \n                    \n            \n            \n\n    \n    \n    \n    \n    \n    <a class=\"breakdance-link button-atom button-atom--custom bde-button__button\" href=\"https:\/\/www.nemalujto.cz\/en\/podlaharske-prace\/\" target=\"_self\" data-type=\"url\"  >\n\n    \n        <span class=\"button-atom__text\">V\u00edce informac\u00ed<\/span>\n\n        \n        \n                <\/a>\n\n    \n\n\n<\/div>\n<\/div><\/div>\n<\/div>\n<\/div><div class=\"bde-column-14-597 bde-column\">\n  \n  \n\t\n\n\n\n<div class=\"bde-image-14-598 bde-image\">\n<figure class=\"breakdance-image breakdance-image--276\">\n\t<div class=\"breakdance-image-container\">\n\t\t<div class=\"breakdance-image-clip\"><a class=\"breakdance-image-link breakdance-image-link--url\" href=\"https:\/\/www.nemalujto.cz\/en\/sadrokartonarske-prace\/\" target=\"_self\" rel=\"noopener\" data-sub-html=\"\" data-lg-size=\"-\"><img decoding=\"async\" class=\"breakdance-image-object\" src=\"https:\/\/www.nemalujto.cz\/wp-content\/uploads\/2024\/11\/stena_sadrokaron_5_praha.png\" width=\"986\" height=\"664\" srcset=\"https:\/\/www.nemalujto.cz\/wp-content\/uploads\/2024\/11\/stena_sadrokaron_5_praha.png 986w, https:\/\/www.nemalujto.cz\/wp-content\/uploads\/2024\/11\/stena_sadrokaron_5_praha-300x202.png 300w, https:\/\/www.nemalujto.cz\/wp-content\/uploads\/2024\/11\/stena_sadrokaron_5_praha-768x517.png 768w, https:\/\/www.nemalujto.cz\/wp-content\/uploads\/2024\/11\/stena_sadrokaron_5_praha-18x12.png 18w\" sizes=\"auto, (max-width: 986px) 100vw, 986px\" loading=\"lazy\"><\/a><\/div>\n\t<\/div><\/figure>\n\n<\/div><div class=\"bde-div-14-599 bde-div\">\n              \n  \n  \n\t\n\n  <div class=\"section-background-overlay\"><\/div>\n\n\n<h2 class=\"bde-heading-14-600 bde-heading\">\nS\u00c1DRO-KARTON\n<\/h2><div class=\"bde-text-14-601 bde-text\">\nZm\u011b\u0148te dispozice snadno.\n<\/div><div class=\"bde-columns-14-602 bde-columns\"><div class=\"bde-column-14-603 bde-column\">\n  \n  \n\t\n\n\n\n<div class=\"bde-text-14-604 bde-text\">\n\n<\/div>\n<\/div><div class=\"bde-column-14-605 bde-column\">\n  \n  \n\t\n\n\n\n<div class=\"bde-button-14-606 bde-button\">\n    \n                                    \n    \n    \n    \n    \n            \n                    \n            \n            \n\n    \n    \n    \n    \n    \n    <a class=\"breakdance-link button-atom button-atom--custom bde-button__button\" href=\"https:\/\/www.nemalujto.cz\/en\/sadrokartonarske-prace\/\" target=\"_self\" data-type=\"url\"  >\n\n    \n        <span class=\"button-atom__text\">V\u00edce informac\u00ed<\/span>\n\n        \n        \n                <\/a>\n\n    \n\n\n<\/div>\n<\/div><\/div>\n<\/div>\n<\/div><\/div><div class=\"bde-columns-14-576 bde-columns\"><div class=\"bde-column-14-427 bde-column\">\n  \n  \n\t\n\n\n\n<div class=\"bde-image-14-407 bde-image\">\n<figure class=\"breakdance-image breakdance-image--1659\">\n\t<div class=\"breakdance-image-container\">\n\t\t<div class=\"breakdance-image-clip\"><a class=\"breakdance-image-link breakdance-image-link--url\" href=\"https:\/\/www.nemalujto.cz\/en\/uklid\/\" target=\"_self\" rel=\"noopener\" data-sub-html=\"\" data-lg-size=\"-\"><img decoding=\"async\" class=\"breakdance-image-object\" src=\"https:\/\/www.neuklizejto.cz\/wp-content\/uploads\/2023\/11\/cisteni-baterie-parnim-strojem_500.jpg\" width=\"500\" height=\"333\" srcset=\"https:\/\/www.neuklizejto.cz\/wp-content\/uploads\/2023\/11\/cisteni-baterie-parnim-strojem_500.jpg 500w, https:\/\/www.neuklizejto.cz\/wp-content\/uploads\/2023\/11\/cisteni-baterie-parnim-strojem_500-300x200.jpg 300w, https:\/\/www.neuklizejto.cz\/wp-content\/uploads\/2023\/11\/cisteni-baterie-parnim-strojem_500-150x100.jpg 150w\" sizes=\"auto, (max-width: 500px) 100vw, 500px\" loading=\"lazy\"><\/a><\/div>\n\t<\/div><\/figure>\n\n<\/div><div class=\"bde-div-14-429 bde-div\">\n              \n  \n  \n\t\n\n  <div class=\"section-background-overlay\"><\/div>\n\n\n<h2 class=\"bde-heading-14-430 bde-heading\">\n\u00daKLID\n<\/h2><div class=\"bde-text-14-431 bde-text\">\n\n<\/div><div class=\"bde-columns-14-432 bde-columns\"><div class=\"bde-column-14-433 bde-column\">\n  \n  \n\t\n\n\n\n<div class=\"bde-text-14-434 bde-text\">\n\n<\/div>\n<\/div><div class=\"bde-column-14-435 bde-column\">\n  \n  \n\t\n\n\n\n<div class=\"bde-button-14-436 bde-button\">\n    \n                                    \n    \n    \n    \n    \n            \n                    \n            \n            \n\n    \n    \n    \n    \n    \n    <a class=\"breakdance-link button-atom button-atom--custom bde-button__button\" href=\"https:\/\/www.nemalujto.cz\/en\/uklid\/\" target=\"_self\" data-type=\"url\"  >\n\n    \n        <span class=\"button-atom__text\">V\u00edce informac\u00ed<\/span>\n\n        \n        \n                <\/a>\n\n    \n\n\n<\/div>\n<\/div><\/div>\n<\/div>\n<\/div><div class=\"bde-column-14-587 bde-column\">\n  \n  \n\t\n\n\n\n\n<\/div><\/div><\/div>\n<\/section>","protected":false},"excerpt":{"rendered":"<p>Mal\u00ed\u0159sk\u00e9 a lak\u00fdrnick\u00e9 slu\u017eby P\u0159in\u00e1\u0161\u00edme V\u00e1m sv\u011b\u017e\u00ed pohled na nov\u011b vymalovan\u00e9 st\u011bny, \u00fatuln\u00fd domov pln\u00fd barevn\u00e9 harmonie a klidn\u00e9 chv\u00edle v prost\u0159ed\u00ed, kter\u00e9 z\u00e1\u0159\u00ed \u010distotou a vkusem. S na\u0161imi slu\u017ebami bude ka\u017ed\u00fd prostor odr\u00e1\u017eet V\u00e1\u0161 osobn\u00ed styl a p\u0159in\u00e1\u0161et radost a pohodu do ka\u017edodenn\u00edho \u017eivota. Profi vybaven\u00ed V\u011b\u0159\u00edme, \u017ee profi vybaven\u00edm a kvalitn\u00ed barvy n\u00e1m [&hellip;]<\/p>","protected":false},"author":1,"featured_media":0,"parent":0,"menu_order":0,"comment_status":"closed","ping_status":"closed","template":"","meta":{"_breakdance_hide_in_design_set":false,"_breakdance_tags":"","footnotes":""},"class_list":["post-14","page","type-page","status-publish","hentry"],"_links":{"self":[{"href":"https:\/\/www.nemalujto.cz\/en\/wp-json\/wp\/v2\/pages\/14","targetHints":{"allow":["GET"]}}],"collection":[{"href":"https:\/\/www.nemalujto.cz\/en\/wp-json\/wp\/v2\/pages"}],"about":[{"href":"https:\/\/www.nemalujto.cz\/en\/wp-json\/wp\/v2\/types\/page"}],"author":[{"embeddable":true,"href":"https:\/\/www.nemalujto.cz\/en\/wp-json\/wp\/v2\/users\/1"}],"replies":[{"embeddable":true,"href":"https:\/\/www.nemalujto.cz\/en\/wp-json\/wp\/v2\/comments?post=14"}],"version-history":[{"count":37,"href":"https:\/\/www.nemalujto.cz\/en\/wp-json\/wp\/v2\/pages\/14\/revisions"}],"predecessor-version":[{"id":422,"href":"https:\/\/www.nemalujto.cz\/en\/wp-json\/wp\/v2\/pages\/14\/revisions\/422"}],"wp:attachment":[{"href":"https:\/\/www.nemalujto.cz\/en\/wp-json\/wp\/v2\/media?parent=14"}],"curies":[{"name":"wp","href":"https:\/\/api.w.org\/{rel}","templated":true}]}}